{"id":101,"date":"2014-10-08T00:16:58","date_gmt":"2014-10-08T00:16:58","guid":{"rendered":"http:\/\/plafondlambris.com\/?page_id=101"},"modified":"2018-02-28T13:24:57","modified_gmt":"2018-02-28T13:24:57","slug":"bois-torrefie","status":"publish","type":"page","link":"https:\/\/plafondlambris.com\/?page_id=101","title":{"rendered":"Bois torr\u00e9fi\u00e9"},"content":{"rendered":"<p><a href=\"https:\/\/plafondlambris.com\/wp-content\/uploads\/2014\/10\/bois_torrefie_architecture.jpg\"><img loading=\"lazy\" decoding=\"async\" class=\"alignright wp-image-27 size-full\" src=\"https:\/\/plafondlambris.com\/wp-content\/uploads\/2014\/10\/bois_torrefie_architecture.jpg\" alt=\"bois_torrefie_architecture\" width=\"484\" height=\"324\" srcset=\"https:\/\/plafondlambris.com\/wp-content\/uploads\/2014\/10\/bois_torrefie_architecture.jpg 484w, https:\/\/plafondlambris.com\/wp-content\/uploads\/2014\/10\/bois_torrefie_architecture-300x200.jpg 300w, https:\/\/plafondlambris.com\/wp-content\/uploads\/2014\/10\/bois_torrefie_architecture-380x254.jpg 380w, https:\/\/plafondlambris.com\/wp-content\/uploads\/2014\/10\/bois_torrefie_architecture-285x190.jpg 285w\" sizes=\"auto, (max-width: 484px) 100vw, 484px\" \/><\/a>Produit haut de gamme, le bois torr\u00e9fi\u00e9 poss\u00e8de une apparence distingu\u00e9e et r\u00e9siste de fa\u00e7on exceptionnelle aux rigueurs de notre climat et aux moisissures.<\/p>\n<p>\u00c9cologique et 100% naturel, il ne contient aucun produit chimique<\/p>\n<p>Le secret de la beaut\u00e9 du bois torr\u00e9fi\u00e9, c\u2019est bien s\u00fbr la torr\u00e9faction. Cette technique consiste \u00e0 chauffer le bois \u00e0 tr\u00e8s haute temp\u00e9rature dans un s\u00e9choir adapt\u00e9. Le bois, pratiquement exempt d\u2019humidit\u00e9, devient alors plus stable, plus durable et plus r\u00e9sistant \u00e0 la d\u00e9t\u00e9rioration. \u00c0 la fin de la cuisson, les planches poss\u00e8dent une couleur riche et dor\u00e9e.<\/p>\n<p>Le bois torr\u00e9fi\u00e9 est donc une belle alternative aux bois exotiques.<\/p>\n<p>Offert en rev\u00eatement ext\u00e9rieur et en lambris.<\/p>\n<p>Rev\u00eatement de bois torr\u00e9fi\u00e9: le secret est dans la pose<br \/>\nLe bois torr\u00e9fi\u00e9 est un parement magnifique et durable dans la mesure o\u00f9 il est bien prot\u00e9g\u00e9 et surtout bien install\u00e9.<\/p>\n<p>Dans le march\u00e9 des rev\u00eatements ext\u00e9rieurs plusieurs installateurs ont ajout\u00e9 la pose de bois torr\u00e9fi\u00e9 \u00e0 leur offre de service standard qui est la pose d&#8217;aluminium, de vinyle ou de Canexel. Trop souvent le manuel d&#8217;instruction des fabricants de bois torr\u00e9fi\u00e9 se retrouve \u00e0 la poubelle et n&#8217;est jamais sorti de son enveloppe de plastique&#8230;<\/p>\n<p>Il faut savoir que le bois torr\u00e9fi\u00e9 n\u00e9cessite une excellente ventilation arri\u00e8re. Plusieurs autres d\u00e9tails comme les coupes, le clouage et le traitement du bois peuvent aussi alt\u00e9rer l&#8217;apparence du parement.<\/p>\n<p>Prix sujet a changement sans pr\u00e9avis.<\/p>\n<p><a href=\"https:\/\/plafondlambris.com\/wp-content\/uploads\/2014\/10\/Revetement_bois_torrefie.pdf\" target=\"_blank\" rel=\"noopener\">T\u00e9l\u00e9charger le document (pdf) complet.<\/a><\/p>\n<p>&nbsp;<\/p>\n<div class='clearfix'>\n<div class='third'><img loading=\"lazy\" decoding=\"async\" class=\"aligncenter wp-image-32 size-full\" src=\"https:\/\/plafondlambris.com\/wp-content\/uploads\/2014\/10\/0S8U0070p1.jpg\" alt=\"0S8U0070p\" width=\"250\" height=\"167\" \/><br \/>\nLambris Pin torr\u00e9fi\u00e9<\/div>\n<div class='third'><img loading=\"lazy\" decoding=\"async\" class=\"aligncenter wp-image-33 size-full\" src=\"https:\/\/plafondlambris.com\/wp-content\/uploads\/2014\/10\/Panorama2p.jpg\" alt=\"Panorama2p\" width=\"250\" height=\"231\" \/><\/div>\n<div class='third last'><img loading=\"lazy\" decoding=\"async\" class=\"aligncenter wp-image-34 size-full\" src=\"https:\/\/plafondlambris.com\/wp-content\/uploads\/2014\/10\/clin_1x6_pin_gris.jpg\" alt=\"clin_1x6_pin_gris\" width=\"300\" height=\"225\" srcset=\"https:\/\/plafondlambris.com\/wp-content\/uploads\/2014\/10\/clin_1x6_pin_gris.jpg 300w, https:\/\/plafondlambris.com\/wp-content\/uploads\/2014\/10\/clin_1x6_pin_gris-285x214.jpg 285w\" sizes=\"auto, (max-width: 300px) 100vw, 300px\" \/><\/div>\n<\/div>\n<p>&nbsp;<\/p>\n<div class='clearfix'>\n<div class='third'>\n<a href=\"https:\/\/plafondlambris.com\/wp-content\/uploads\/2014\/10\/parement-gorge-brosse-pin-torr.jpg\"><img loading=\"lazy\" decoding=\"async\" class=\"wp-image-35 size-full alignleft\" src=\"https:\/\/plafondlambris.com\/wp-content\/uploads\/2014\/10\/parement-gorge-brosse-pin-torr.jpg\" alt=\"parement-gorge-brosse-pin-torr\" width=\"300\" height=\"208\" \/><\/a>Parement \u00e0 gorge bross\u00e9, pin gris torr\u00e9fi\u00e9<\/div>\n<div class='third'>\n<a href=\"https:\/\/plafondlambris.com\/wp-content\/uploads\/2014\/10\/pin-gris-torrefie-v-joint.jpg\"><img loading=\"lazy\" decoding=\"async\" class=\"wp-image-36 size-full alignleft\" src=\"https:\/\/plafondlambris.com\/wp-content\/uploads\/2014\/10\/pin-gris-torrefie-v-joint.jpg\" alt=\"pin-gris-torrefie-v-joint\" width=\"200\" height=\"200\" srcset=\"https:\/\/plafondlambris.com\/wp-content\/uploads\/2014\/10\/pin-gris-torrefie-v-joint.jpg 200w, https:\/\/plafondlambris.com\/wp-content\/uploads\/2014\/10\/pin-gris-torrefie-v-joint-150x150.jpg 150w\" sizes=\"auto, (max-width: 200px) 100vw, 200px\" \/><\/a>v-joint,bross\u00e9 ou non bross\u00e9 pin gris torr\u00e9fi\u00e9<\/div>\n<div class='third last'><a href=\"https:\/\/plafondlambris.com\/wp-content\/uploads\/2014\/10\/parement-clin-brosse-pin-torr.jpg\"><img loading=\"lazy\" decoding=\"async\" class=\"wp-image-37 size-full alignleft\" src=\"https:\/\/plafondlambris.com\/wp-content\/uploads\/2014\/10\/parement-clin-brosse-pin-torr.jpg\" alt=\"parement-clin-brosse-pin-torr\" width=\"143\" height=\"300\" \/><\/a>Parement en clin bross\u00e9, pin gris torr\u00e9fi\u00e9<\/div>\n<\/div>\n<p>&nbsp;<\/p>\n<div class='clearfix'>\n<div class='half'><img loading=\"lazy\" decoding=\"async\" class=\"aligncenter wp-image-39 size-full\" src=\"https:\/\/plafondlambris.com\/wp-content\/uploads\/2014\/10\/NewPort-6.jpg\" alt=\"NewPort-6\" width=\"285\" height=\"79\" \/><\/div>\n<div class='half last'><img loading=\"lazy\" decoding=\"async\" class=\"aligncenter wp-image-40 size-full\" src=\"https:\/\/plafondlambris.com\/wp-content\/uploads\/2014\/10\/decking.jpg\" alt=\"decking\" width=\"274\" height=\"149\" \/>Planche pour patio ext\u00e9rieur (deck)<\/div>\n<\/div>\n","protected":false},"excerpt":{"rendered":"<p>Produit haut de gamme, le bois torr\u00e9fi\u00e9 poss\u00e8de une apparence distingu\u00e9e et r\u00e9siste de fa\u00e7on exceptionnelle aux rigueurs de notre climat et aux moisissures. \u00c9cologique et 100% naturel, il ne contient aucun produit chimique Le secret de la beaut\u00e9 du bois torr\u00e9fi\u00e9, c\u2019est bien s\u00fbr la torr\u00e9faction. Cette technique consiste \u00e0 chauffer le bois \u00e0 [&hellip;]<\/p>\n","protected":false},"author":1,"featured_media":0,"parent":0,"menu_order":0,"comment_status":"closed","ping_status":"closed","template":"page-full-width.php","meta":{"footnotes":""},"class_list":["post-101","page","type-page","status-publish","hentry"],"_links":{"self":[{"href":"https:\/\/plafondlambris.com\/index.php?rest_route=\/wp\/v2\/pages\/101","targetHints":{"allow":["GET"]}}],"collection":[{"href":"https:\/\/plafondlambris.com\/index.php?rest_route=\/wp\/v2\/pages"}],"about":[{"href":"https:\/\/plafondlambris.com\/index.php?rest_route=\/wp\/v2\/types\/page"}],"author":[{"embeddable":true,"href":"https:\/\/plafondlambris.com\/index.php?rest_route=\/wp\/v2\/users\/1"}],"replies":[{"embeddable":true,"href":"https:\/\/plafondlambris.com\/index.php?rest_route=%2Fwp%2Fv2%2Fcomments&post=101"}],"version-history":[{"count":32,"href":"https:\/\/plafondlambris.com\/index.php?rest_route=\/wp\/v2\/pages\/101\/revisions"}],"predecessor-version":[{"id":449,"href":"https:\/\/plafondlambris.com\/index.php?rest_route=\/wp\/v2\/pages\/101\/revisions\/449"}],"wp:attachment":[{"href":"https:\/\/plafondlambris.com\/index.php?rest_route=%2Fwp%2Fv2%2Fmedia&parent=101"}],"curies":[{"name":"wp","href":"https:\/\/api.w.org\/{rel}","templated":true}]}}