{"id":14,"date":"2014-10-07T21:14:17","date_gmt":"2014-10-07T21:14:17","guid":{"rendered":"http:\/\/plafondlambris.com\/?page_id=14"},"modified":"2017-02-21T13:39:54","modified_gmt":"2017-02-21T13:39:54","slug":"produits","status":"publish","type":"page","link":"https:\/\/plafondlambris.com\/?page_id=14","title":{"rendered":"Produits"},"content":{"rendered":"<p><a href=\"https:\/\/plafondlambris.com\/wp-content\/uploads\/2014\/10\/IMG_44961.jpg\"><img loading=\"lazy\" decoding=\"async\" class=\"alignright wp-image-15 size-full\" src=\"https:\/\/plafondlambris.com\/wp-content\/uploads\/2014\/10\/IMG_44961.jpg\" alt=\"IMG_4496\" width=\"250\" height=\"188\" \/><\/a>Plafond, Lambris &amp; Cie Inc. propose une grande collection de produits en bois, qu&#8217;il soit question de tuiles et de lambris pour plafond suspendu, de s\u00e9parateur en bois ou encore de moulures de diff\u00e9rentes formes, ainsi que plusieurs rev\u00eatements ext\u00e9rieurs.<\/p>\n<p><strong>Consultez nos diff\u00e9rentes sections et admirez la grande vari\u00e9t\u00e9 des produits chaleureux que le bois apporte \u00e0 tous types de construction.<\/strong><\/p>\n<p><strong><span style=\"color: #000080;\"><a title=\"Bois torr\u00e9fi\u00e9\" href=\"https:\/\/plafondlambris.com\/?page_id=101\">Bois Torr\u00e9fi\u00e9s<\/a> &#8211; <a title=\"Lambris\" href=\"https:\/\/plafondlambris.com\/?page_id=97\">Lambris<\/a> &#8211; <a title=\"Moulures\" href=\"https:\/\/plafondlambris.com\/?page_id=95\">Moulures<\/a> &#8211; <a title=\"Plafonds\" href=\"https:\/\/plafondlambris.com\/?page_id=93\">Plafonds<\/a> &#8211; <a href=\"https:\/\/plafondlambris.com\/?page_id=99\">Rev\u00eatements ext\u00e9rieur<\/a><\/span><\/strong><\/p>\n<p><span style=\"color: #ff6600;\"><strong>\u00c0 la livraison et avant la pose de nos rev\u00eatements, assurez-vous de:<\/strong><\/span><\/p>\n<p><span style=\"color: #ff6600;\"><strong>\u2022 Ne pas installer le produit qui vous est livr\u00e9 si vous constatez un d\u00e9faut sur la qualit\u00e9 du mat\u00e9riel qui vous est livr\u00e9.<\/strong><\/span><\/p>\n<p><span style=\"color: #ff6600;\"><strong>\u2022 Ne JAMAIS laissez votre rev\u00eatement expos\u00e9 aux intemp\u00e9ries et au soleil, celui-ci doit \u00eatre entrepos\u00e9 \u00e0 l\u2019int\u00e9rieur d\u00e8s sa r\u00e9ception.\u00a0Avant de proc\u00e9der \u00e0 l\u2019installation, vous devez inspecter votre marchandise afin qu\u2019elle soit conforme et terme d\u2019essence, de dimension, de couleur et de quantit\u00e9.\u00a0Si tout est conforme, laisser le bois s\u2019acclimater pendant une p\u00e9riode de 72 heures \u00e0 l\u2019endroit ou il sera install\u00e9.<\/strong><\/span><\/p>\n<p><span style=\"color: #ff6600;\"><strong>\u2022 Aucun autre mat\u00e9riau ou objet lourd ne doit \u00eatre empil\u00e9 par-dessus le rev\u00eatement pendant l\u2019entreposage, avant sa pose.<\/strong><\/span><\/p>\n<p><a href=\"https:\/\/plafondlambris.com\/wp-content\/uploads\/2014\/10\/0S8U0070p.jpg\"><img loading=\"lazy\" decoding=\"async\" class=\"alignleft wp-image-16 size-full\" src=\"https:\/\/plafondlambris.com\/wp-content\/uploads\/2014\/10\/0S8U0070p.jpg\" alt=\"0S8U0070p\" width=\"250\" height=\"167\" \/><\/a><strong>Nos essences :<\/strong><br \/>\n\u00c9rable &#8211; Ch\u00eane rouge &#8211; Pin blanc\u00a0&#8211; Pin rouge- M\u00e9l\u00e8ze- Sapin baumier &#8211; Merisier \u2013 Peuplier \u2013 C\u00e8dre blanc &#8211; C\u00e8dre rouge et autres essences sur demande<\/p>\n<p><strong>Couleur\u00a0:<\/strong><br \/>\nTeint et vernis 14 couleurs;\u00a0possibilit\u00e9 de cr\u00e9er vos nouvelles couleurs.<br \/>\nChoix de vernis : Mat (10%) Semi-lustr\u00e9 (35%), lustr\u00e9 (75%)<br \/>\nEnvoyez-nous un \u00e9chantillons, nous pouvons d\u00e9velopper la couleur dans l&#8217;essence choisie.<\/p>\n<p>&nbsp;<\/p>\n<div class='clearfix'>\n<div class='half'><strong>Voici les nouvelles couleurs:<\/strong><br \/>\n<a href=\"https:\/\/plafondlambris.com\/wp-content\/uploads\/2014\/10\/couleurs_peuplier_k.jpg\"><img loading=\"lazy\" decoding=\"async\" class=\"alignnone wp-image-18\" src=\"https:\/\/plafondlambris.com\/wp-content\/uploads\/2014\/10\/couleurs_peuplier_k-250x300.jpg\" alt=\"couleurs_peuplier_k\" width=\"400\" height=\"480\" srcset=\"https:\/\/plafondlambris.com\/wp-content\/uploads\/2014\/10\/couleurs_peuplier_k-250x300.jpg 250w, https:\/\/plafondlambris.com\/wp-content\/uploads\/2014\/10\/couleurs_peuplier_k.jpg 600w\" sizes=\"auto, (max-width: 400px) 100vw, 400px\" \/><\/a><\/div>\n<div class='half last'>\n<p><strong>Nos mod\u00e8les de planches :<\/strong><\/p>\n<p><a href=\"https:\/\/plafondlambris.com\/wp-content\/uploads\/2014\/10\/patrons_k.jpg\"><img loading=\"lazy\" decoding=\"async\" class=\"alignnone wp-image-20\" src=\"https:\/\/plafondlambris.com\/wp-content\/uploads\/2014\/10\/patrons_k-300x120.jpg\" alt=\"patrons_k\" width=\"400\" height=\"160\" srcset=\"https:\/\/plafondlambris.com\/wp-content\/uploads\/2014\/10\/patrons_k-300x120.jpg 300w, https:\/\/plafondlambris.com\/wp-content\/uploads\/2014\/10\/patrons_k-570x228.jpg 570w, https:\/\/plafondlambris.com\/wp-content\/uploads\/2014\/10\/patrons_k-380x152.jpg 380w, https:\/\/plafondlambris.com\/wp-content\/uploads\/2014\/10\/patrons_k-285x114.jpg 285w, https:\/\/plafondlambris.com\/wp-content\/uploads\/2014\/10\/patrons_k.jpg 600w\" sizes=\"auto, (max-width: 400px) 100vw, 400px\" \/><\/a><\/p>\n<\/div>\n<\/div>\n<p>Couleurs d&#8217;huile naturelle :<\/p>\n<div class='clearfix'>\n<div class='half'><a href=\"https:\/\/plafondlambris.com\/wp-content\/uploads\/2014\/10\/couleur-Livos.jpg\"><img loading=\"lazy\" decoding=\"async\" class=\"alignnone wp-image-21 size-full\" src=\"https:\/\/plafondlambris.com\/wp-content\/uploads\/2014\/10\/couleur-Livos.jpg\" alt=\"couleur-Livos\" width=\"423\" height=\"667\" srcset=\"https:\/\/plafondlambris.com\/wp-content\/uploads\/2014\/10\/couleur-Livos.jpg 423w, https:\/\/plafondlambris.com\/wp-content\/uploads\/2014\/10\/couleur-Livos-190x300.jpg 190w\" sizes=\"auto, (max-width: 423px) 100vw, 423px\" \/><\/a><\/div>\n<div class='half last'><img loading=\"lazy\" decoding=\"async\" class=\"alignnone wp-image-22 size-full\" src=\"https:\/\/plafondlambris.com\/wp-content\/uploads\/2014\/10\/couleur_huile01.jpg\" alt=\"couleur_huile01\" width=\"423\" height=\"541\" srcset=\"https:\/\/plafondlambris.com\/wp-content\/uploads\/2014\/10\/couleur_huile01.jpg 423w, https:\/\/plafondlambris.com\/wp-content\/uploads\/2014\/10\/couleur_huile01-234x300.jpg 234w\" sizes=\"auto, (max-width: 423px) 100vw, 423px\" \/><\/div>\n<\/div>\n<strong>Couleurs huiles Brio :<\/strong><br \/>\n<a href=\"https:\/\/plafondlambris.com\/wp-content\/uploads\/2014\/10\/couleurs_huile_brio.jpg\"><img loading=\"lazy\" decoding=\"async\" class=\"alignnone wp-image-23 size-full\" src=\"https:\/\/plafondlambris.com\/wp-content\/uploads\/2014\/10\/couleurs_huile_brio.jpg\" alt=\"couleurs_huile_brio\" width=\"521\" height=\"651\" srcset=\"https:\/\/plafondlambris.com\/wp-content\/uploads\/2014\/10\/couleurs_huile_brio.jpg 521w, https:\/\/plafondlambris.com\/wp-content\/uploads\/2014\/10\/couleurs_huile_brio-240x300.jpg 240w\" sizes=\"auto, (max-width: 521px) 100vw, 521px\" \/><\/a><\/p>\n<p>&nbsp;<\/p>\n","protected":false},"excerpt":{"rendered":"<p>Plafond, Lambris &amp; Cie Inc. propose une grande collection de produits en bois, qu&#8217;il soit question de tuiles et de lambris pour plafond suspendu, de s\u00e9parateur en bois ou encore de moulures de diff\u00e9rentes formes, ainsi que plusieurs rev\u00eatements ext\u00e9rieurs. Consultez nos diff\u00e9rentes sections et admirez la grande vari\u00e9t\u00e9 des produits chaleureux que le bois [&hellip;]<\/p>\n","protected":false},"author":1,"featured_media":0,"parent":0,"menu_order":0,"comment_status":"closed","ping_status":"closed","template":"page-full-width.php","meta":{"footnotes":""},"class_list":["post-14","page","type-page","status-publish","hentry"],"_links":{"self":[{"href":"https:\/\/plafondlambris.com\/index.php?rest_route=\/wp\/v2\/pages\/14","targetHints":{"allow":["GET"]}}],"collection":[{"href":"https:\/\/plafondlambris.com\/index.php?rest_route=\/wp\/v2\/pages"}],"about":[{"href":"https:\/\/plafondlambris.com\/index.php?rest_route=\/wp\/v2\/types\/page"}],"author":[{"embeddable":true,"href":"https:\/\/plafondlambris.com\/index.php?rest_route=\/wp\/v2\/users\/1"}],"replies":[{"embeddable":true,"href":"https:\/\/plafondlambris.com\/index.php?rest_route=%2Fwp%2Fv2%2Fcomments&post=14"}],"version-history":[{"count":12,"href":"https:\/\/plafondlambris.com\/index.php?rest_route=\/wp\/v2\/pages\/14\/revisions"}],"predecessor-version":[{"id":398,"href":"https:\/\/plafondlambris.com\/index.php?rest_route=\/wp\/v2\/pages\/14\/revisions\/398"}],"wp:attachment":[{"href":"https:\/\/plafondlambris.com\/index.php?rest_route=%2Fwp%2Fv2%2Fmedia&parent=14"}],"curies":[{"name":"wp","href":"https:\/\/api.w.org\/{rel}","templated":true}]}}