{"id":2,"date":"2014-10-07T20:49:28","date_gmt":"2014-10-07T20:49:28","guid":{"rendered":"http:\/\/plafondlambris.com\/?page_id=2"},"modified":"2018-02-28T13:21:28","modified_gmt":"2018-02-28T13:21:28","slug":"sample-page","status":"publish","type":"page","link":"https:\/\/plafondlambris.com\/","title":{"rendered":"Accueil"},"content":{"rendered":"<p><a href=\"https:\/\/plafondlambris.com\/wp-content\/uploads\/2014\/10\/salon_air-ouverte02.jpg\"><img loading=\"lazy\" decoding=\"async\" class=\"alignright wp-image-330\" src=\"https:\/\/plafondlambris.com\/wp-content\/uploads\/2014\/10\/salon_air-ouverte02.jpg\" alt=\"salon_air-ouverte02\" width=\"425\" height=\"231\" srcset=\"https:\/\/plafondlambris.com\/wp-content\/uploads\/2014\/10\/salon_air-ouverte02.jpg 800w, https:\/\/plafondlambris.com\/wp-content\/uploads\/2014\/10\/salon_air-ouverte02-300x163.jpg 300w, https:\/\/plafondlambris.com\/wp-content\/uploads\/2014\/10\/salon_air-ouverte02-768x417.jpg 768w\" sizes=\"auto, (max-width: 425px) 100vw, 425px\" \/><\/a>L&#8217;\u00e9quipe comp\u00e9tente de Plafond, Lambris &amp; Cie Inc. sera en tout temps complice de votre entreprise, car elle poss\u00e8de la flexibilit\u00e9 n\u00e9cessaire pour r\u00e9pondre aux demandes les plus complexes.\u00a0Qu&#8217;il soit question de plafond suspendu, de lambris, de moulures, teintes et\/ou vernis, vous trouverez parmi notre grand choix de mod\u00e8les, celui qui vous plaira.<\/p>\n<p>Pour un concept moderne et chaleureux fiez-vous aux produits de Plafond, Lambris &amp; Cie Inc. pour agr\u00e9menter votre demeure d&#8217;une touche hors de l&#8217;ordinaire. Plafond, Lambris &amp; Cie Inc. est situ\u00e9e \u00e0 Scott pr\u00e8s de la Cache \u00e0\u00a0Maxime. \u00a0Nous vous invitons \u00e0 visiter notre salle d&#8217;exposition sur rendez-vous.\u00a0En partenariat avec certains de nos fournisseurs, une partie de nos approvisionnements\u00a0que nous achetons sont pour eux des rejets. Nous les r\u00e9cup\u00e9rons et les transformons en sous-produits. Nous recyclons \u00e9galement nos mati\u00e8res premi\u00e8res.<\/p>\n<div class='clearfix'>\n<div class='third'><a href=\"https:\/\/plafondlambris.com\/wp-content\/uploads\/2018\/02\/IMG_20160726_125925.jpg\"><img loading=\"lazy\" decoding=\"async\" class=\"alignnone wp-image-443 size-medium\" src=\"https:\/\/plafondlambris.com\/wp-content\/uploads\/2018\/02\/IMG_20160726_125925-300x225.jpg\" alt=\"\" width=\"300\" height=\"225\" srcset=\"https:\/\/plafondlambris.com\/wp-content\/uploads\/2018\/02\/IMG_20160726_125925-300x225.jpg 300w, https:\/\/plafondlambris.com\/wp-content\/uploads\/2018\/02\/IMG_20160726_125925-768x576.jpg 768w, https:\/\/plafondlambris.com\/wp-content\/uploads\/2018\/02\/IMG_20160726_125925-1024x768.jpg 1024w, https:\/\/plafondlambris.com\/wp-content\/uploads\/2018\/02\/IMG_20160726_125925.jpg 1200w\" sizes=\"auto, (max-width: 300px) 100vw, 300px\" \/><\/a><\/div>\n<div class='third'><a href=\"https:\/\/plafondlambris.com\/wp-content\/uploads\/2018\/02\/IMG_1782.jpg\"><img loading=\"lazy\" decoding=\"async\" class=\"alignnone wp-image-444 size-medium\" src=\"https:\/\/plafondlambris.com\/wp-content\/uploads\/2018\/02\/IMG_1782-300x200.jpg\" alt=\"\" width=\"300\" height=\"200\" srcset=\"https:\/\/plafondlambris.com\/wp-content\/uploads\/2018\/02\/IMG_1782-300x200.jpg 300w, https:\/\/plafondlambris.com\/wp-content\/uploads\/2018\/02\/IMG_1782-768x512.jpg 768w, https:\/\/plafondlambris.com\/wp-content\/uploads\/2018\/02\/IMG_1782-1024x683.jpg 1024w, https:\/\/plafondlambris.com\/wp-content\/uploads\/2018\/02\/IMG_1782-900x600.jpg 900w, https:\/\/plafondlambris.com\/wp-content\/uploads\/2018\/02\/IMG_1782-212x140.jpg 212w, https:\/\/plafondlambris.com\/wp-content\/uploads\/2018\/02\/IMG_1782-1086x722.jpg 1086w, https:\/\/plafondlambris.com\/wp-content\/uploads\/2018\/02\/IMG_1782.jpg 1200w\" sizes=\"auto, (max-width: 300px) 100vw, 300px\" \/><\/a><\/div>\n<div class='third last'><a href=\"https:\/\/plafondlambris.com\/wp-content\/uploads\/2018\/02\/reno_richard_02.jpg\"><img loading=\"lazy\" decoding=\"async\" class=\"alignnone wp-image-406 size-medium\" src=\"https:\/\/plafondlambris.com\/wp-content\/uploads\/2018\/02\/reno_richard_02-300x225.jpg\" alt=\"\" width=\"300\" height=\"225\" srcset=\"https:\/\/plafondlambris.com\/wp-content\/uploads\/2018\/02\/reno_richard_02-300x225.jpg 300w, https:\/\/plafondlambris.com\/wp-content\/uploads\/2018\/02\/reno_richard_02-768x576.jpg 768w, https:\/\/plafondlambris.com\/wp-content\/uploads\/2018\/02\/reno_richard_02.jpg 960w\" sizes=\"auto, (max-width: 300px) 100vw, 300px\" \/><\/a><\/div>\n<\/div>\n<p>\u00c0 cet aspect vert, s&#8217;ajoutent une multitude d&#8217;efforts, par exemple lors du choix des mat\u00e9riaux. Aucun bois n\u2019est trait\u00e9 chimiquement, nos teintures &amp; vernis respectent les normes Green Seal d&#8217;\u00e9mission de compos\u00e9s volatiles.<\/p>\n<p><strong><br \/>\n<a href=\"https:\/\/plafondlambris.com\/wp-content\/uploads\/2014\/10\/salon_air-ouverte01.jpg\" rel=\"attachment wp-att-329\"><img loading=\"lazy\" decoding=\"async\" class=\"alignleft wp-image-329\" src=\"https:\/\/plafondlambris.com\/wp-content\/uploads\/2014\/10\/salon_air-ouverte01-300x163.jpg\" alt=\"salon_air-ouverte01\" width=\"425\" height=\"231\" srcset=\"https:\/\/plafondlambris.com\/wp-content\/uploads\/2014\/10\/salon_air-ouverte01-300x163.jpg 300w, https:\/\/plafondlambris.com\/wp-content\/uploads\/2014\/10\/salon_air-ouverte01-768x417.jpg 768w, https:\/\/plafondlambris.com\/wp-content\/uploads\/2014\/10\/salon_air-ouverte01.jpg 800w\" sizes=\"auto, (max-width: 425px) 100vw, 425px\" \/><\/a>D\u00e9veloppement durable<\/strong><\/p>\n<p>Nous avons cr\u00e9\u00e9 des produits de bois qui rencontrent les nouvelles normes de construction LEED. Cette R\u00e9f\u00e9rence LEED respecte la qualit\u00e9 des environnements int\u00e9rieurs :\u00a0voir sur ce site : <a href=\"http:\/\/www.voirvert.ca\/savoir\" target=\"_blank\" rel=\"noopener\">www.voirvert.ca\/savoir<\/a><\/p>\n<p>La principale caract\u00e9ristique de nos produits tient du fait qu&#8217;ils sont 100% bois, donc biod\u00e9gradables.\u00a0De plus, l&#8217;\u00e9conomie d\u2019\u00e9nergie de la transformation du bois requiert beaucoup moins d&#8217;\u00e9nergie que la fabrication d\u2019acier, de panneaux de particules, b\u00e9ton, etc. Un gain net pour l&#8217;environnement.<\/p>\n<p>Sans oublier que le bois est le meilleur isolant pour r\u00e9duire les co\u00fbts de chauffage, beaucoup plus que le m\u00e9tal, le b\u00e9ton et le gypse. C\u2019est aussi un isolant contre le bruit, en cons\u00e9quence, nos plafonds suspendus sont naturellement acoustiques.<\/p>\n<p><em>Source : \u00e9tude du pavillon vert tout en bois de l&#8217;universit\u00e9 Laval de Qu\u00e9bec (Magazine Contact, Vol. 20, no 2) qui vous informera des bienfaits de l\u2019utilisation des produits en bois.<\/em><\/p>\n<p><a href=\"http:\/\/www.contact.ulaval.ca\" target=\"_blank\" rel=\"noopener\">www.contact.ulaval.ca<\/a><\/p>\n<p>&nbsp;<\/p>\n<div class='clearfix'>\n<div class='half'><a href=\"https:\/\/plafondlambris.com\/wp-content\/uploads\/2014\/10\/salon_air-ouverte03.jpg\"><img loading=\"lazy\" decoding=\"async\" class=\"alignleft wp-image-333\" src=\"https:\/\/plafondlambris.com\/wp-content\/uploads\/2014\/10\/salon_air-ouverte03.jpg\" alt=\"salon_air-ouverte03\" width=\"425\" height=\"231\" srcset=\"https:\/\/plafondlambris.com\/wp-content\/uploads\/2014\/10\/salon_air-ouverte03.jpg 800w, https:\/\/plafondlambris.com\/wp-content\/uploads\/2014\/10\/salon_air-ouverte03-300x163.jpg 300w, https:\/\/plafondlambris.com\/wp-content\/uploads\/2014\/10\/salon_air-ouverte03-768x417.jpg 768w\" sizes=\"auto, (max-width: 425px) 100vw, 425px\" \/><\/a><\/div>\n<div class='half last'><a href=\"https:\/\/plafondlambris.com\/wp-content\/uploads\/2014\/10\/salon_fenestre.jpg\"><img loading=\"lazy\" decoding=\"async\" class=\"alignright wp-image-331\" src=\"https:\/\/plafondlambris.com\/wp-content\/uploads\/2014\/10\/salon_fenestre.jpg\" alt=\"salon_fenestre\" width=\"425\" height=\"231\" srcset=\"https:\/\/plafondlambris.com\/wp-content\/uploads\/2014\/10\/salon_fenestre.jpg 800w, https:\/\/plafondlambris.com\/wp-content\/uploads\/2014\/10\/salon_fenestre-300x163.jpg 300w, https:\/\/plafondlambris.com\/wp-content\/uploads\/2014\/10\/salon_fenestre-768x417.jpg 768w\" sizes=\"auto, (max-width: 425px) 100vw, 425px\" \/><\/a><\/div>\n<\/div>\n<p>&nbsp;<\/p>\n","protected":false},"excerpt":{"rendered":"<p>L&#8217;\u00e9quipe comp\u00e9tente de Plafond, Lambris &amp; Cie Inc. sera en tout temps complice de votre entreprise, car elle poss\u00e8de la flexibilit\u00e9 n\u00e9cessaire pour r\u00e9pondre aux demandes les plus complexes.\u00a0Qu&#8217;il soit question de plafond suspendu, de lambris, de moulures, teintes et\/ou vernis, vous trouverez parmi notre grand choix de mod\u00e8les, celui qui vous plaira. Pour un [&hellip;]<\/p>\n","protected":false},"author":1,"featured_media":0,"parent":0,"menu_order":0,"comment_status":"closed","ping_status":"closed","template":"page-full-width.php","meta":{"footnotes":""},"class_list":["post-2","page","type-page","status-publish","hentry"],"_links":{"self":[{"href":"https:\/\/plafondlambris.com\/index.php?rest_route=\/wp\/v2\/pages\/2","targetHints":{"allow":["GET"]}}],"collection":[{"href":"https:\/\/plafondlambris.com\/index.php?rest_route=\/wp\/v2\/pages"}],"about":[{"href":"https:\/\/plafondlambris.com\/index.php?rest_route=\/wp\/v2\/types\/page"}],"author":[{"embeddable":true,"href":"https:\/\/plafondlambris.com\/index.php?rest_route=\/wp\/v2\/users\/1"}],"replies":[{"embeddable":true,"href":"https:\/\/plafondlambris.com\/index.php?rest_route=%2Fwp%2Fv2%2Fcomments&post=2"}],"version-history":[{"count":11,"href":"https:\/\/plafondlambris.com\/index.php?rest_route=\/wp\/v2\/pages\/2\/revisions"}],"predecessor-version":[{"id":447,"href":"https:\/\/plafondlambris.com\/index.php?rest_route=\/wp\/v2\/pages\/2\/revisions\/447"}],"wp:attachment":[{"href":"https:\/\/plafondlambris.com\/index.php?rest_route=%2Fwp%2Fv2%2Fmedia&parent=2"}],"curies":[{"name":"wp","href":"https:\/\/api.w.org\/{rel}","templated":true}]}}