{"id":251,"date":"2015-07-07T19:56:05","date_gmt":"2015-07-07T19:56:05","guid":{"rendered":"http:\/\/plafondlambris.com\/?page_id=251"},"modified":"2018-02-28T13:25:17","modified_gmt":"2018-02-28T13:25:17","slug":"commandez-en-ligne","status":"publish","type":"page","link":"https:\/\/plafondlambris.com\/?page_id=251","title":{"rendered":"Commandez en ligne"},"content":{"rendered":"<p><span style=\"font-family: helvetica, arial, sans-serif; font-size: 24pt;\">COLLECTION BOIS DU NORD<br \/>\n<\/span><\/p>\n<p>&nbsp;<\/p>\n<p>Vous pouvez commander une partie de nos produits en ligne. Vous y trouverez nos lambris de bois noueux et de feuillus, naturel ou pr\u00e9huil\u00e9es dans une gamme de couleurs vari\u00e9es. Nos plafonds suspendus sont aussi disponibles en diff\u00e9rentes couleurs, pr\u00e9huil\u00e9es, teint ou encore pr\u00e9verni.<\/p>\n<p>Nos tuiles s&#8217;int\u00e8grent parfaitement aux structures m\u00e9talliques standards. Si vous avez des questions ou commentaires, n&#8217;h\u00e9sitez pas \u00e0 nous joindre. Il nous fera plaisir de vous r\u00e9pondre le plus rapidement possible au t\u00e9l\u00e9phone ou par courriel.<\/p>\n<p>Nous vous invitons \u00e0 naviguer \u00e0 travers nos diff\u00e9rents produits de lambris et de plafond suspendu disponible par Internet.<\/p>\n<p>Prix sujet a changement sans pr\u00e9avis.<\/p>\n<p>&nbsp;<\/p>\n","protected":false},"excerpt":{"rendered":"<p>COLLECTION BOIS DU NORD &nbsp; Vous pouvez commander une partie de nos produits en ligne. Vous y trouverez nos lambris de bois noueux et de feuillus, naturel ou pr\u00e9huil\u00e9es dans une gamme de couleurs vari\u00e9es. Nos plafonds suspendus sont aussi disponibles en diff\u00e9rentes couleurs, pr\u00e9huil\u00e9es, teint ou encore pr\u00e9verni. Nos tuiles s&#8217;int\u00e8grent parfaitement aux structures [&hellip;]<\/p>\n","protected":false},"author":1,"featured_media":0,"parent":0,"menu_order":0,"comment_status":"open","ping_status":"open","template":"page-full-width.php","meta":{"footnotes":""},"class_list":["post-251","page","type-page","status-publish","hentry"],"_links":{"self":[{"href":"https:\/\/plafondlambris.com\/index.php?rest_route=\/wp\/v2\/pages\/251","targetHints":{"allow":["GET"]}}],"collection":[{"href":"https:\/\/plafondlambris.com\/index.php?rest_route=\/wp\/v2\/pages"}],"about":[{"href":"https:\/\/plafondlambris.com\/index.php?rest_route=\/wp\/v2\/types\/page"}],"author":[{"embeddable":true,"href":"https:\/\/plafondlambris.com\/index.php?rest_route=\/wp\/v2\/users\/1"}],"replies":[{"embeddable":true,"href":"https:\/\/plafondlambris.com\/index.php?rest_route=%2Fwp%2Fv2%2Fcomments&post=251"}],"version-history":[{"count":15,"href":"https:\/\/plafondlambris.com\/index.php?rest_route=\/wp\/v2\/pages\/251\/revisions"}],"predecessor-version":[{"id":450,"href":"https:\/\/plafondlambris.com\/index.php?rest_route=\/wp\/v2\/pages\/251\/revisions\/450"}],"wp:attachment":[{"href":"https:\/\/plafondlambris.com\/index.php?rest_route=%2Fwp%2Fv2%2Fmedia&parent=251"}],"curies":[{"name":"wp","href":"https:\/\/api.w.org\/{rel}","templated":true}]}}