{"id":277,"date":"2015-07-07T21:02:43","date_gmt":"2015-07-07T21:02:43","guid":{"rendered":"http:\/\/plafondlambris.com\/?page_id=277"},"modified":"2018-02-28T13:28:29","modified_gmt":"2018-02-28T13:28:29","slug":"plafond-suspendu-bois-noueux","status":"publish","type":"page","link":"https:\/\/plafondlambris.com\/?page_id=277","title":{"rendered":"Plafond suspendu bois noueux"},"content":{"rendered":"<p><span style=\"font-family: helvetica, arial, sans-serif; font-size: 24pt;\">COLLECTION BOIS DU NORD<\/span><\/p>\n<p>PLAFOND SUSPENDU PR\u00c9HUIL\u00c9 &#8211; 1&#8242; X 4&#8242;, 2&#8242; X 2&#8242;, 2&#8242; X 4&#8242;, 4&#8242; X 4&#8242; BOIS NOUEUX<\/p>\n<p><a href=\"https:\/\/plafondlambris.com\/wp-content\/uploads\/2015\/07\/img_V-joint04.jpg\"><img loading=\"lazy\" decoding=\"async\" class=\"alignnone size-full wp-image-269\" src=\"https:\/\/plafondlambris.com\/wp-content\/uploads\/2015\/07\/img_V-joint04.jpg\" alt=\"img_V-joint04\" width=\"542\" height=\"160\" srcset=\"https:\/\/plafondlambris.com\/wp-content\/uploads\/2015\/07\/img_V-joint04.jpg 542w, https:\/\/plafondlambris.com\/wp-content\/uploads\/2015\/07\/img_V-joint04-300x89.jpg 300w\" sizes=\"auto, (max-width: 542px) 100vw, 542px\" \/><\/a><\/p>\n<p>Teint : 6.95 $ pied carr\u00e9<br \/>\nClair : 6.45 $ pied carr\u00e9<br \/>\nFini pr\u00e9verni : ajouter 1,00 $ pied carr\u00e9<br \/>\nD\u00e9veloppement de couleur : ajouter 75.00 $<\/p>\n<p>Couleurs : Champignons, Ruines de Rome, Bamboo, Brune, Piano \u00e0 queue, Arizona, Sable, Ferrari, Blanc opaque,<br \/>\nCerisier, Aube, Bl\u00fc, Black Jelly Bean<\/p>\n<p>Prix sujet a changement sans pr\u00e9avis.<\/p>\n<p>D\u00e9lai de livraison : + \/ &#8211; 2 semaines<br \/>\nCommande par t\u00e9l\u00e9copieur : 418.387.4431<br \/>\nou Courriel : <a href=\"mailto:info@plafondlambris.com\">info@plafondlambris.com<\/a><br \/>\nAcceptons<br \/>\n<a href=\"https:\/\/plafondlambris.com\/wp-content\/uploads\/2015\/07\/logo-visa-mastercard02.jpg\"><img loading=\"lazy\" decoding=\"async\" class=\"alignnone size-full wp-image-266\" src=\"https:\/\/plafondlambris.com\/wp-content\/uploads\/2015\/07\/logo-visa-mastercard02.jpg\" alt=\"logo-visa-mastercard02\" width=\"148\" height=\"53\" \/><\/a><\/p>\n<p>&nbsp;<\/p>\n","protected":false},"excerpt":{"rendered":"<p>COLLECTION BOIS DU NORD PLAFOND SUSPENDU PR\u00c9HUIL\u00c9 &#8211; 1&#8242; X 4&#8242;, 2&#8242; X 2&#8242;, 2&#8242; X 4&#8242;, 4&#8242; X 4&#8242; BOIS NOUEUX Teint : 6.95 $ pied carr\u00e9 Clair : 6.45 $ pied carr\u00e9 Fini pr\u00e9verni : ajouter 1,00 $ pied carr\u00e9 D\u00e9veloppement de couleur : ajouter 75.00 $ Couleurs : Champignons, Ruines de Rome, [&hellip;]<\/p>\n","protected":false},"author":1,"featured_media":0,"parent":0,"menu_order":0,"comment_status":"closed","ping_status":"closed","template":"page-full-width.php","meta":{"footnotes":""},"class_list":["post-277","page","type-page","status-publish","hentry"],"_links":{"self":[{"href":"https:\/\/plafondlambris.com\/index.php?rest_route=\/wp\/v2\/pages\/277","targetHints":{"allow":["GET"]}}],"collection":[{"href":"https:\/\/plafondlambris.com\/index.php?rest_route=\/wp\/v2\/pages"}],"about":[{"href":"https:\/\/plafondlambris.com\/index.php?rest_route=\/wp\/v2\/types\/page"}],"author":[{"embeddable":true,"href":"https:\/\/plafondlambris.com\/index.php?rest_route=\/wp\/v2\/users\/1"}],"replies":[{"embeddable":true,"href":"https:\/\/plafondlambris.com\/index.php?rest_route=%2Fwp%2Fv2%2Fcomments&post=277"}],"version-history":[{"count":5,"href":"https:\/\/plafondlambris.com\/index.php?rest_route=\/wp\/v2\/pages\/277\/revisions"}],"predecessor-version":[{"id":456,"href":"https:\/\/plafondlambris.com\/index.php?rest_route=\/wp\/v2\/pages\/277\/revisions\/456"}],"wp:attachment":[{"href":"https:\/\/plafondlambris.com\/index.php?rest_route=%2Fwp%2Fv2%2Fmedia&parent=277"}],"curies":[{"name":"wp","href":"https:\/\/api.w.org\/{rel}","templated":true}]}}