{"id":287,"date":"2015-07-07T21:06:14","date_gmt":"2015-07-07T21:06:14","guid":{"rendered":"http:\/\/plafondlambris.com\/?page_id=287"},"modified":"2018-02-28T13:26:40","modified_gmt":"2018-02-28T13:26:40","slug":"lambris-3d","status":"publish","type":"page","link":"https:\/\/plafondlambris.com\/?page_id=287","title":{"rendered":"Lambris 3D"},"content":{"rendered":"<p><span style=\"font-family: helvetica, arial, sans-serif; font-size: 24pt;\">LAMBRIS PR\u00c9HUIL\u00c9<\/span><\/p>\n<p>3 ESSENCES \/ 3 \u00c9PAISSEURS \/ 4 LARGEURS joints carr\u00e9s<br \/>\n<a href=\"https:\/\/plafondlambris.com\/wp-content\/uploads\/2015\/07\/lambris3d.jpg\"><img loading=\"lazy\" decoding=\"async\" class=\"alignleft wp-image-310\" src=\"https:\/\/plafondlambris.com\/wp-content\/uploads\/2015\/07\/lambris3d.jpg\" alt=\"lambris3d\" width=\"500\" height=\"664\" srcset=\"https:\/\/plafondlambris.com\/wp-content\/uploads\/2015\/07\/lambris3d.jpg 800w, https:\/\/plafondlambris.com\/wp-content\/uploads\/2015\/07\/lambris3d-226x300.jpg 226w, https:\/\/plafondlambris.com\/wp-content\/uploads\/2015\/07\/lambris3d-771x1024.jpg 771w\" sizes=\"auto, (max-width: 500px) 100vw, 500px\" \/><\/a>Teint : 10,95 $ pied carr\u00e9<br \/>\nFini pr\u00e9verni : Ajouter 1,00 $\u00a0pied carr\u00e9<br \/>\nD\u00e9veloppement de couleur sur Pin : Ajouter 75,00 $ chaque<br \/>\nMoulure carr\u00e9 : 3\/4&#8243; x 1 1\/2&#8243; x 8&#8242; teint 4 faces<\/p>\n<p>Naturel pr\u00e9huil\u00e9 :<br \/>\n25% Ch\u00eane rouge ( 3\/8&#8243; X\u00a02 1\/2 &#8220;)<br \/>\n25% Noyer noir ( 3\/8&#8221; X 3 1\/4 &#8220;)<\/p>\n<p>Couleurs pr\u00e9huil\u00e9es :<br \/>\n25% Pin noueux ( 1 1\/2&#8243; X 5&#8243;) Ancestral 1602 1\/2<br \/>\n25% Pin noueux ( 3\/4 X 3 1\/4&#8221; ) Arizona 3828<\/p>\n<p>Prix sujet a changement sans pr\u00e9avis.<\/p>\n<p>D\u00e9lai de livraison : + \/ \u2013 2 semaines<br \/>\nCommande par t\u00e9l\u00e9copieur : 418.387.4431<br \/>\nou Courriel : <a href=\"mailto:info@plafondlambris.com\">info@plafondlambris.com<\/a><br \/>\nAcceptons<br \/>\n<a href=\"https:\/\/plafondlambris.com\/wp-content\/uploads\/2015\/07\/logo-visa-mastercard02.jpg\"><img loading=\"lazy\" decoding=\"async\" class=\"alignnone size-full wp-image-266\" src=\"https:\/\/plafondlambris.com\/wp-content\/uploads\/2015\/07\/logo-visa-mastercard02.jpg\" alt=\"logo-visa-mastercard02\" width=\"148\" height=\"53\" \/><\/a><\/p>\n","protected":false},"excerpt":{"rendered":"<p>LAMBRIS PR\u00c9HUIL\u00c9 3 ESSENCES \/ 3 \u00c9PAISSEURS \/ 4 LARGEURS joints carr\u00e9s Teint : 10,95 $ pied carr\u00e9 Fini pr\u00e9verni : Ajouter 1,00 $\u00a0pied carr\u00e9 D\u00e9veloppement de couleur sur Pin : Ajouter 75,00 $ chaque Moulure carr\u00e9 : 3\/4&#8243; x 1 1\/2&#8243; x 8&#8242; teint 4 faces Naturel pr\u00e9huil\u00e9 : 25% Ch\u00eane rouge ( 3\/8&#8243; [&hellip;]<\/p>\n","protected":false},"author":1,"featured_media":0,"parent":0,"menu_order":0,"comment_status":"closed","ping_status":"closed","template":"page-full-width.php","meta":{"footnotes":""},"class_list":["post-287","page","type-page","status-publish","hentry"],"_links":{"self":[{"href":"https:\/\/plafondlambris.com\/index.php?rest_route=\/wp\/v2\/pages\/287","targetHints":{"allow":["GET"]}}],"collection":[{"href":"https:\/\/plafondlambris.com\/index.php?rest_route=\/wp\/v2\/pages"}],"about":[{"href":"https:\/\/plafondlambris.com\/index.php?rest_route=\/wp\/v2\/types\/page"}],"author":[{"embeddable":true,"href":"https:\/\/plafondlambris.com\/index.php?rest_route=\/wp\/v2\/users\/1"}],"replies":[{"embeddable":true,"href":"https:\/\/plafondlambris.com\/index.php?rest_route=%2Fwp%2Fv2%2Fcomments&post=287"}],"version-history":[{"count":5,"href":"https:\/\/plafondlambris.com\/index.php?rest_route=\/wp\/v2\/pages\/287\/revisions"}],"predecessor-version":[{"id":452,"href":"https:\/\/plafondlambris.com\/index.php?rest_route=\/wp\/v2\/pages\/287\/revisions\/452"}],"wp:attachment":[{"href":"https:\/\/plafondlambris.com\/index.php?rest_route=%2Fwp%2Fv2%2Fmedia&parent=287"}],"curies":[{"name":"wp","href":"https:\/\/api.w.org\/{rel}","templated":true}]}}