{"id":52,"date":"2014-10-07T22:09:10","date_gmt":"2014-10-07T22:09:10","guid":{"rendered":"http:\/\/plafondlambris.com\/?page_id=52"},"modified":"2018-02-28T13:44:37","modified_gmt":"2018-02-28T13:44:37","slug":"quelques-realisations","status":"publish","type":"page","link":"https:\/\/plafondlambris.com\/?page_id=52","title":{"rendered":"Quelques r\u00e9alisations"},"content":{"rendered":"<h3>La r\u00e9novation casse-cou de Richard Turcotte \u00e0 Canal Vie<br \/>\nPlafond Lambris et Cie participe \u00e0 la r\u00e9novation casse-cou de Richard Turcotte<\/h3>\n<div class='clearfix'>\n<div class='third'><a href=\"https:\/\/plafondlambris.com\/wp-content\/uploads\/2018\/02\/reno_richard_01.jpg\"><img loading=\"lazy\" decoding=\"async\" class=\"alignnone wp-image-404 size-medium\" src=\"https:\/\/plafondlambris.com\/wp-content\/uploads\/2018\/02\/reno_richard_01-300x225.jpg\" alt=\"\" width=\"300\" height=\"225\" srcset=\"https:\/\/plafondlambris.com\/wp-content\/uploads\/2018\/02\/reno_richard_01-300x225.jpg 300w, https:\/\/plafondlambris.com\/wp-content\/uploads\/2018\/02\/reno_richard_01-768x576.jpg 768w, https:\/\/plafondlambris.com\/wp-content\/uploads\/2018\/02\/reno_richard_01-1024x768.jpg 1024w, https:\/\/plafondlambris.com\/wp-content\/uploads\/2018\/02\/reno_richard_01.jpg 2048w\" sizes=\"auto, (max-width: 300px) 100vw, 300px\" \/><\/a><\/div>\n<div class='third'><a href=\"https:\/\/plafondlambris.com\/wp-content\/uploads\/2018\/02\/reno_richard_03.jpg\"><img loading=\"lazy\" decoding=\"async\" class=\"alignnone wp-image-418 size-medium\" src=\"https:\/\/plafondlambris.com\/wp-content\/uploads\/2018\/02\/reno_richard_03-300x225.jpg\" alt=\"\" width=\"300\" height=\"225\" srcset=\"https:\/\/plafondlambris.com\/wp-content\/uploads\/2018\/02\/reno_richard_03-300x225.jpg 300w, https:\/\/plafondlambris.com\/wp-content\/uploads\/2018\/02\/reno_richard_03-768x576.jpg 768w, https:\/\/plafondlambris.com\/wp-content\/uploads\/2018\/02\/reno_richard_03.jpg 960w\" sizes=\"auto, (max-width: 300px) 100vw, 300px\" \/><\/a><\/div>\n<div class='third last'><a href=\"https:\/\/plafondlambris.com\/wp-content\/uploads\/2018\/02\/reno_richard_02.jpg\"><img loading=\"lazy\" decoding=\"async\" class=\"alignnone wp-image-406 size-medium\" src=\"https:\/\/plafondlambris.com\/wp-content\/uploads\/2018\/02\/reno_richard_02-300x225.jpg\" alt=\"\" width=\"300\" height=\"225\" srcset=\"https:\/\/plafondlambris.com\/wp-content\/uploads\/2018\/02\/reno_richard_02-300x225.jpg 300w, https:\/\/plafondlambris.com\/wp-content\/uploads\/2018\/02\/reno_richard_02-768x576.jpg 768w, https:\/\/plafondlambris.com\/wp-content\/uploads\/2018\/02\/reno_richard_02.jpg 960w\" sizes=\"auto, (max-width: 300px) 100vw, 300px\" \/><\/a><\/div>\n<p>&nbsp;<\/p>\n<\/div>\n<h3>Centre Dentaire Etchemins<\/h3>\n<div class='clearfix'>\n<div class='third'><a href=\"https:\/\/plafondlambris.com\/wp-content\/uploads\/2018\/02\/dentaire_001.jpg\"><img loading=\"lazy\" decoding=\"async\" class=\"alignnone wp-image-413 size-medium\" src=\"https:\/\/plafondlambris.com\/wp-content\/uploads\/2018\/02\/dentaire_001-300x225.jpg\" alt=\"\" width=\"300\" height=\"225\" srcset=\"https:\/\/plafondlambris.com\/wp-content\/uploads\/2018\/02\/dentaire_001-300x225.jpg 300w, https:\/\/plafondlambris.com\/wp-content\/uploads\/2018\/02\/dentaire_001-768x576.jpg 768w, https:\/\/plafondlambris.com\/wp-content\/uploads\/2018\/02\/dentaire_001.jpg 960w\" sizes=\"auto, (max-width: 300px) 100vw, 300px\" \/><\/a><\/div>\n<div class='third'><a href=\"https:\/\/plafondlambris.com\/wp-content\/uploads\/2018\/02\/dentaire_02.jpg\"><img loading=\"lazy\" decoding=\"async\" class=\"alignnone wp-image-414 size-medium\" src=\"https:\/\/plafondlambris.com\/wp-content\/uploads\/2018\/02\/dentaire_02-300x225.jpg\" alt=\"\" width=\"300\" height=\"225\" srcset=\"https:\/\/plafondlambris.com\/wp-content\/uploads\/2018\/02\/dentaire_02-300x225.jpg 300w, https:\/\/plafondlambris.com\/wp-content\/uploads\/2018\/02\/dentaire_02-768x576.jpg 768w, https:\/\/plafondlambris.com\/wp-content\/uploads\/2018\/02\/dentaire_02.jpg 960w\" sizes=\"auto, (max-width: 300px) 100vw, 300px\" \/><\/a><\/div>\n<div class='third last'><a href=\"https:\/\/plafondlambris.com\/wp-content\/uploads\/2018\/02\/dentaire_01.jpg\"><img loading=\"lazy\" decoding=\"async\" class=\"alignnone wp-image-415 size-medium\" src=\"https:\/\/plafondlambris.com\/wp-content\/uploads\/2018\/02\/dentaire_01-225x300.jpg\" alt=\"\" width=\"225\" height=\"300\" srcset=\"https:\/\/plafondlambris.com\/wp-content\/uploads\/2018\/02\/dentaire_01-225x300.jpg 225w, https:\/\/plafondlambris.com\/wp-content\/uploads\/2018\/02\/dentaire_01.jpg 720w\" sizes=\"auto, (max-width: 225px) 100vw, 225px\" \/><\/a><\/div>\n<\/div>\n<p>&nbsp;<\/p>\n<h3>l\u2019Universit\u00e9 de Montr\u00e9al\u00a0Facult\u00e9 de M\u00e9decine dentaire<\/h3>\n<div class='clearfix'>\n<div class='third'>\nDesnoyers Mercure et ass.<br \/>\nen consortium avec Michel Bourgeois architecte<\/div>\n<div class='third'><a href=\"https:\/\/plafondlambris.com\/wp-content\/uploads\/2014\/10\/Clinique-dentaire2.jpg\"><img loading=\"lazy\" decoding=\"async\" class=\"alignnone wp-image-163 size-medium\" src=\"https:\/\/plafondlambris.com\/wp-content\/uploads\/2014\/10\/Clinique-dentaire2-270x300.jpg\" alt=\"Clinique-dentaire2\" width=\"270\" height=\"300\" srcset=\"https:\/\/plafondlambris.com\/wp-content\/uploads\/2014\/10\/Clinique-dentaire2-270x300.jpg 270w, https:\/\/plafondlambris.com\/wp-content\/uploads\/2014\/10\/Clinique-dentaire2.jpg 300w\" sizes=\"auto, (max-width: 270px) 100vw, 270px\" \/><\/a><\/div>\n<div class='third last'><a href=\"https:\/\/plafondlambris.com\/wp-content\/uploads\/2014\/10\/Clinique-dentaire3.jpg\"><img loading=\"lazy\" decoding=\"async\" class=\"alignnone wp-image-164 size-full\" src=\"https:\/\/plafondlambris.com\/wp-content\/uploads\/2014\/10\/Clinique-dentaire3.jpg\" alt=\"Clinique-dentaire3\" width=\"300\" height=\"184\" \/><\/a><br \/>\nLambris murale<\/div>\n<\/div>\n<p>&nbsp;<\/p>\n<h3>Projet : le Bois\u00e9 du Vigneron\u00a0pavillons d&#8217;h\u00e9bergement touristique<br \/>\nLa cache \u00e0 Maxime<\/h3>\n<p>&nbsp;<\/p>\n<div class='clearfix'>\n<div class='third'>Faites un arr\u00eat au Bois\u00e9 du Vigneron, un environnement d&#8217;intimit\u00e9, de luxe et de confort.<br \/>\nNos magnifiques pavillons d&#8217;h\u00e9bergement touristique spacieux en plein c\u0153ur de la nature n&#8217;attendent que vous !<\/div>\n<div class='third'><a href=\"https:\/\/plafondlambris.com\/wp-content\/uploads\/2014\/10\/113_imgg.jpg\"><img loading=\"lazy\" decoding=\"async\" class=\"alignnone wp-image-176 size-medium\" src=\"https:\/\/plafondlambris.com\/wp-content\/uploads\/2014\/10\/113_imgg-300x240.jpg\" alt=\"113_imgg\" width=\"300\" height=\"240\" srcset=\"https:\/\/plafondlambris.com\/wp-content\/uploads\/2014\/10\/113_imgg-300x240.jpg 300w, https:\/\/plafondlambris.com\/wp-content\/uploads\/2014\/10\/113_imgg-380x304.jpg 380w, https:\/\/plafondlambris.com\/wp-content\/uploads\/2014\/10\/113_imgg-285x228.jpg 285w, https:\/\/plafondlambris.com\/wp-content\/uploads\/2014\/10\/113_imgg.jpg 500w\" sizes=\"auto, (max-width: 300px) 100vw, 300px\" \/><\/a><\/div>\n<div class='third last'><a href=\"https:\/\/plafondlambris.com\/wp-content\/uploads\/2014\/10\/114_imgg.jpg\"><img loading=\"lazy\" decoding=\"async\" class=\"alignnone wp-image-171 size-medium\" src=\"https:\/\/plafondlambris.com\/wp-content\/uploads\/2014\/10\/114_imgg-300x196.jpg\" alt=\"114_imgg\" width=\"300\" height=\"196\" srcset=\"https:\/\/plafondlambris.com\/wp-content\/uploads\/2014\/10\/114_imgg-300x196.jpg 300w, https:\/\/plafondlambris.com\/wp-content\/uploads\/2014\/10\/114_imgg.jpg 500w\" sizes=\"auto, (max-width: 300px) 100vw, 300px\" \/><\/a><\/div>\n<\/div>\n<h3>\u00c9cole La Tourterelle, Repentigny<\/h3>\n<div class='clearfix'>\n<div class='third'>Mur et plafond du gymnase<\/div>\n<div class='third'><a href=\"https:\/\/plafondlambris.com\/wp-content\/uploads\/2018\/02\/tourelle_repentigny_01.jpg\"><img loading=\"lazy\" decoding=\"async\" class=\"alignnone wp-image-463 size-medium\" src=\"https:\/\/plafondlambris.com\/wp-content\/uploads\/2018\/02\/tourelle_repentigny_01-300x225.jpg\" alt=\"\" width=\"300\" height=\"225\" srcset=\"https:\/\/plafondlambris.com\/wp-content\/uploads\/2018\/02\/tourelle_repentigny_01-300x225.jpg 300w, https:\/\/plafondlambris.com\/wp-content\/uploads\/2018\/02\/tourelle_repentigny_01-768x576.jpg 768w, https:\/\/plafondlambris.com\/wp-content\/uploads\/2018\/02\/tourelle_repentigny_01-1024x768.jpg 1024w, https:\/\/plafondlambris.com\/wp-content\/uploads\/2018\/02\/tourelle_repentigny_01.jpg 1200w\" sizes=\"auto, (max-width: 300px) 100vw, 300px\" \/><\/a><\/div>\n<div class='third last'><a href=\"https:\/\/plafondlambris.com\/wp-content\/uploads\/2018\/02\/tourelle_repentigny_02.jpg\"><img loading=\"lazy\" decoding=\"async\" class=\"alignnone wp-image-464 size-medium\" src=\"https:\/\/plafondlambris.com\/wp-content\/uploads\/2018\/02\/tourelle_repentigny_02-300x225.jpg\" alt=\"\" width=\"300\" height=\"225\" srcset=\"https:\/\/plafondlambris.com\/wp-content\/uploads\/2018\/02\/tourelle_repentigny_02-300x225.jpg 300w, https:\/\/plafondlambris.com\/wp-content\/uploads\/2018\/02\/tourelle_repentigny_02-768x576.jpg 768w, https:\/\/plafondlambris.com\/wp-content\/uploads\/2018\/02\/tourelle_repentigny_02-1024x768.jpg 1024w, https:\/\/plafondlambris.com\/wp-content\/uploads\/2018\/02\/tourelle_repentigny_02.jpg 1200w\" sizes=\"auto, (max-width: 300px) 100vw, 300px\" \/><\/a><\/div>\n<\/div>\n<p>&nbsp;<\/p>\n<h3>Clinique V\u00e9t\u00e9rinaire Roxboro<\/h3>\n<div class='clearfix'>\n<div class='third'>Plafond de lambris en Tuiles 4\u2019 X 4\u2019<\/div>\n<div class='third'><a href=\"https:\/\/plafondlambris.com\/wp-content\/uploads\/2014\/10\/IMG_7176.jpg\"><img loading=\"lazy\" decoding=\"async\" class=\"alignnone wp-image-178 size-full\" src=\"https:\/\/plafondlambris.com\/wp-content\/uploads\/2014\/10\/IMG_7176.jpg\" alt=\"IMG_7176\" width=\"300\" height=\"225\" srcset=\"https:\/\/plafondlambris.com\/wp-content\/uploads\/2014\/10\/IMG_7176.jpg 300w, https:\/\/plafondlambris.com\/wp-content\/uploads\/2014\/10\/IMG_7176-285x214.jpg 285w\" sizes=\"auto, (max-width: 300px) 100vw, 300px\" \/><\/a><\/div>\n<div class='third last'><\/div>\n<\/div>\n<div class='clearfix'>\n<h3>Plafond v\u00e9randa ext\u00e9rieur<\/h3>\n<div class='third'> \u00c9pinette noir 1 x 6 <\/div>\n<div class='third'><a href=\"https:\/\/plafondlambris.com\/wp-content\/uploads\/2018\/02\/\u00e9pinette-noir-1x6.jpg\"><img loading=\"lazy\" decoding=\"async\" class=\"alignnone wp-image-458 size-medium\" src=\"https:\/\/plafondlambris.com\/wp-content\/uploads\/2018\/02\/\u00e9pinette-noir-1x6-300x225.jpg\" alt=\"\" width=\"300\" height=\"225\" srcset=\"https:\/\/plafondlambris.com\/wp-content\/uploads\/2018\/02\/\u00e9pinette-noir-1x6-300x225.jpg 300w, https:\/\/plafondlambris.com\/wp-content\/uploads\/2018\/02\/\u00e9pinette-noir-1x6-768x576.jpg 768w, https:\/\/plafondlambris.com\/wp-content\/uploads\/2018\/02\/\u00e9pinette-noir-1x6-1024x768.jpg 1024w, https:\/\/plafondlambris.com\/wp-content\/uploads\/2018\/02\/\u00e9pinette-noir-1x6.jpg 1200w\" sizes=\"auto, (max-width: 300px) 100vw, 300px\" \/><\/a><\/div>\n<div class='third last'><\/div>\n<\/div>\n","protected":false},"excerpt":{"rendered":"<p>La r\u00e9novation casse-cou de Richard Turcotte \u00e0 Canal Vie Plafond Lambris et Cie participe \u00e0 la r\u00e9novation casse-cou de Richard Turcotte Centre Dentaire Etchemins &nbsp; l\u2019Universit\u00e9 de Montr\u00e9al\u00a0Facult\u00e9 de M\u00e9decine dentaire &nbsp; Projet : le Bois\u00e9 du Vigneron\u00a0pavillons d&#8217;h\u00e9bergement touristique La cache \u00e0 Maxime &nbsp; \u00c9cole La Tourterelle, Repentigny &nbsp; Clinique V\u00e9t\u00e9rinaire Roxboro<\/p>\n","protected":false},"author":1,"featured_media":0,"parent":0,"menu_order":0,"comment_status":"closed","ping_status":"closed","template":"page-full-width.php","meta":{"footnotes":""},"class_list":["post-52","page","type-page","status-publish","hentry"],"_links":{"self":[{"href":"https:\/\/plafondlambris.com\/index.php?rest_route=\/wp\/v2\/pages\/52","targetHints":{"allow":["GET"]}}],"collection":[{"href":"https:\/\/plafondlambris.com\/index.php?rest_route=\/wp\/v2\/pages"}],"about":[{"href":"https:\/\/plafondlambris.com\/index.php?rest_route=\/wp\/v2\/types\/page"}],"author":[{"embeddable":true,"href":"https:\/\/plafondlambris.com\/index.php?rest_route=\/wp\/v2\/users\/1"}],"replies":[{"embeddable":true,"href":"https:\/\/plafondlambris.com\/index.php?rest_route=%2Fwp%2Fv2%2Fcomments&post=52"}],"version-history":[{"count":36,"href":"https:\/\/plafondlambris.com\/index.php?rest_route=\/wp\/v2\/pages\/52\/revisions"}],"predecessor-version":[{"id":466,"href":"https:\/\/plafondlambris.com\/index.php?rest_route=\/wp\/v2\/pages\/52\/revisions\/466"}],"wp:attachment":[{"href":"https:\/\/plafondlambris.com\/index.php?rest_route=%2Fwp%2Fv2%2Fmedia&parent=52"}],"curies":[{"name":"wp","href":"https:\/\/api.w.org\/{rel}","templated":true}]}}