{"id":54,"date":"2014-10-07T22:12:27","date_gmt":"2014-10-07T22:12:27","guid":{"rendered":"http:\/\/plafondlambris.com\/?page_id=54"},"modified":"2018-02-28T13:30:42","modified_gmt":"2018-02-28T13:30:42","slug":"services","status":"publish","type":"page","link":"https:\/\/plafondlambris.com\/?page_id=54","title":{"rendered":"Services"},"content":{"rendered":"<p>Nous sommes aussi en mesure de\u00a0satisfaire aux exigences commerciales et r\u00e9sidentielles. Mettez-nous au d\u00e9fi !<\/p>\n<div class='clearfix'>\n<div class='third'>Nous acceptons aussi les commandes sp\u00e9ciales,\u00a0ainsi que les formats sp\u00e9ciaux,\u00a0des couleurs ou des essences tels que le noyer noir ou le cerisier.<\/p>\n<p>Transport partout au Qu\u00e9bec et au Canada.<br \/>\n&#8211; Installation<br \/>\n&#8211; Teinture a forfait<br \/>\n&#8211; Fabrication de comptoir<\/p>\n<p>Prix sujet a changement sans pr\u00e9avis.<\/p>\n<\/div>\n<div class='third'><a href=\"https:\/\/plafondlambris.com\/wp-content\/uploads\/2018\/02\/dentaire_001.jpg\"><img loading=\"lazy\" decoding=\"async\" class=\"alignnone wp-image-413 size-medium\" src=\"https:\/\/plafondlambris.com\/wp-content\/uploads\/2018\/02\/dentaire_001-300x225.jpg\" alt=\"\" width=\"300\" height=\"225\" srcset=\"https:\/\/plafondlambris.com\/wp-content\/uploads\/2018\/02\/dentaire_001-300x225.jpg 300w, https:\/\/plafondlambris.com\/wp-content\/uploads\/2018\/02\/dentaire_001-768x576.jpg 768w, https:\/\/plafondlambris.com\/wp-content\/uploads\/2018\/02\/dentaire_001.jpg 960w\" sizes=\"auto, (max-width: 300px) 100vw, 300px\" \/><\/a><\/div>\n<div class='third last'><a href=\"https:\/\/plafondlambris.com\/wp-content\/uploads\/2018\/02\/dentaire_02.jpg\"><img loading=\"lazy\" decoding=\"async\" class=\"alignnone wp-image-414 size-medium\" src=\"https:\/\/plafondlambris.com\/wp-content\/uploads\/2018\/02\/dentaire_02-300x225.jpg\" alt=\"\" width=\"300\" height=\"225\" srcset=\"https:\/\/plafondlambris.com\/wp-content\/uploads\/2018\/02\/dentaire_02-300x225.jpg 300w, https:\/\/plafondlambris.com\/wp-content\/uploads\/2018\/02\/dentaire_02-768x576.jpg 768w, https:\/\/plafondlambris.com\/wp-content\/uploads\/2018\/02\/dentaire_02.jpg 960w\" sizes=\"auto, (max-width: 300px) 100vw, 300px\" \/><\/a><\/div>\n<\/div>\n<div class='clearfix'>\n<div class='third'><a href=\"https:\/\/plafondlambris.com\/wp-content\/uploads\/2018\/02\/clinique_dentaire_01.jpg\"><img loading=\"lazy\" decoding=\"async\" class=\"alignnone wp-image-431 size-medium\" src=\"https:\/\/plafondlambris.com\/wp-content\/uploads\/2018\/02\/clinique_dentaire_01-300x225.jpg\" alt=\"\" width=\"300\" height=\"225\" srcset=\"https:\/\/plafondlambris.com\/wp-content\/uploads\/2018\/02\/clinique_dentaire_01-300x225.jpg 300w, https:\/\/plafondlambris.com\/wp-content\/uploads\/2018\/02\/clinique_dentaire_01-768x576.jpg 768w, https:\/\/plafondlambris.com\/wp-content\/uploads\/2018\/02\/clinique_dentaire_01-1024x768.jpg 1024w, https:\/\/plafondlambris.com\/wp-content\/uploads\/2018\/02\/clinique_dentaire_01.jpg 1200w\" sizes=\"auto, (max-width: 300px) 100vw, 300px\" \/><\/a><\/div>\n<div class='third'><a href=\"https:\/\/plafondlambris.com\/wp-content\/uploads\/2018\/02\/clinique_dentaire_03.jpg\"><img loading=\"lazy\" decoding=\"async\" class=\"alignnone wp-image-432 size-medium\" src=\"https:\/\/plafondlambris.com\/wp-content\/uploads\/2018\/02\/clinique_dentaire_03-300x225.jpg\" alt=\"\" width=\"300\" height=\"225\" srcset=\"https:\/\/plafondlambris.com\/wp-content\/uploads\/2018\/02\/clinique_dentaire_03-300x225.jpg 300w, https:\/\/plafondlambris.com\/wp-content\/uploads\/2018\/02\/clinique_dentaire_03-768x576.jpg 768w, https:\/\/plafondlambris.com\/wp-content\/uploads\/2018\/02\/clinique_dentaire_03-1024x768.jpg 1024w, https:\/\/plafondlambris.com\/wp-content\/uploads\/2018\/02\/clinique_dentaire_03.jpg 1200w\" sizes=\"auto, (max-width: 300px) 100vw, 300px\" \/><\/a><\/div>\n<div class='third last'><a href=\"https:\/\/plafondlambris.com\/wp-content\/uploads\/2018\/02\/clinique_dentaire_02.jpg\"><img loading=\"lazy\" decoding=\"async\" class=\"alignnone wp-image-433 size-medium\" src=\"https:\/\/plafondlambris.com\/wp-content\/uploads\/2018\/02\/clinique_dentaire_02-300x225.jpg\" alt=\"\" width=\"300\" height=\"225\" srcset=\"https:\/\/plafondlambris.com\/wp-content\/uploads\/2018\/02\/clinique_dentaire_02-300x225.jpg 300w, https:\/\/plafondlambris.com\/wp-content\/uploads\/2018\/02\/clinique_dentaire_02-768x576.jpg 768w, https:\/\/plafondlambris.com\/wp-content\/uploads\/2018\/02\/clinique_dentaire_02-1024x768.jpg 1024w, https:\/\/plafondlambris.com\/wp-content\/uploads\/2018\/02\/clinique_dentaire_02.jpg 1200w\" sizes=\"auto, (max-width: 300px) 100vw, 300px\" \/><\/a><\/div>\n<\/div>\n<div class='clearfix'>\n<h3>Avantages du bois :<\/h3>\n<div class='third'>\n<ul>\n<li>Solidit\u00e9<\/li>\n<li>Un mat\u00e9riau \u00e9cologique<\/li>\n<li>Efficacit\u00e9 \u00e9nerg\u00e9tique<\/li>\n<li>Installation facile<\/li>\n<li>Peu co\u00fbteux et meilleure sonorit\u00e9 pour cin\u00e9ma maison<\/li>\n<\/ul>\n<\/div>\n<div class='third'>\n<ul>\n<li>Acoustique<\/li>\n<li>Chaleureux<\/li>\n<li>Cr\u00e9ations uniques<\/li>\n<li>Solidit\u00e9<\/li>\n<li>Un mat\u00e9riau \u00e9cologique<\/li>\n<\/ul>\n<\/div>\n<div class='third last'>\n<ul>\n<li>Efficacit\u00e9 \u00e9nerg\u00e9tique<\/li>\n<li>Installation facile<\/li>\n<li>Peu co\u00fbteux et meilleure sonorit\u00e9 pour cin\u00e9ma maison<\/li>\n<li>Acoustique<\/li>\n<li>Chaleureux<\/li>\n<li>Cr\u00e9ations uniques<\/li>\n<\/ul>\n<\/div>\n<div class='clearfix'><\/div>\n<div class='third'><a href=\"https:\/\/plafondlambris.com\/wp-content\/uploads\/2018\/02\/dentaire_01-1.jpg\"><img loading=\"lazy\" decoding=\"async\" class=\"alignnone wp-image-436 size-medium\" src=\"https:\/\/plafondlambris.com\/wp-content\/uploads\/2018\/02\/dentaire_01-1-225x300.jpg\" alt=\"\" width=\"225\" height=\"300\" srcset=\"https:\/\/plafondlambris.com\/wp-content\/uploads\/2018\/02\/dentaire_01-1-225x300.jpg 225w, https:\/\/plafondlambris.com\/wp-content\/uploads\/2018\/02\/dentaire_01-1.jpg 720w\" sizes=\"auto, (max-width: 225px) 100vw, 225px\" \/><\/a><\/div>\n<div class='third'><a href=\"https:\/\/plafondlambris.com\/wp-content\/uploads\/2018\/02\/peuplier-Americain-1x6.jpg\"><img loading=\"lazy\" decoding=\"async\" class=\"alignnone wp-image-438 size-medium\" src=\"https:\/\/plafondlambris.com\/wp-content\/uploads\/2018\/02\/peuplier-Americain-1x6-225x300.jpg\" alt=\"\" width=\"225\" height=\"300\" srcset=\"https:\/\/plafondlambris.com\/wp-content\/uploads\/2018\/02\/peuplier-Americain-1x6-225x300.jpg 225w, https:\/\/plafondlambris.com\/wp-content\/uploads\/2018\/02\/peuplier-Americain-1x6-768x1024.jpg 768w, https:\/\/plafondlambris.com\/wp-content\/uploads\/2018\/02\/peuplier-Americain-1x6.jpg 900w\" sizes=\"auto, (max-width: 225px) 100vw, 225px\" \/><\/a><\/div>\n<div class='third last'><a href=\"https:\/\/plafondlambris.com\/wp-content\/uploads\/2018\/02\/chene-rouge2012-08-09-14.26.20.jpg\"><img loading=\"lazy\" decoding=\"async\" class=\"alignnone wp-image-440 size-medium\" src=\"https:\/\/plafondlambris.com\/wp-content\/uploads\/2018\/02\/chene-rouge2012-08-09-14.26.20-200x300.jpg\" alt=\"\" width=\"200\" height=\"300\" srcset=\"https:\/\/plafondlambris.com\/wp-content\/uploads\/2018\/02\/chene-rouge2012-08-09-14.26.20-200x300.jpg 200w, https:\/\/plafondlambris.com\/wp-content\/uploads\/2018\/02\/chene-rouge2012-08-09-14.26.20-768x1152.jpg 768w, https:\/\/plafondlambris.com\/wp-content\/uploads\/2018\/02\/chene-rouge2012-08-09-14.26.20-683x1024.jpg 683w, https:\/\/plafondlambris.com\/wp-content\/uploads\/2018\/02\/chene-rouge2012-08-09-14.26.20.jpg 800w\" sizes=\"auto, (max-width: 200px) 100vw, 200px\" \/><\/a><\/div>\n<\/div>\n<p>&nbsp;<\/p>\n<p><strong>Salon Expo-Habitat de Qu\u00e9bec Kiosque Plafond, Lambris &amp; Cie<\/strong><\/p>\n<div class='clearfix'>\n<div class='third'><a href=\"https:\/\/plafondlambris.com\/wp-content\/uploads\/2014\/10\/expo-habit-0802g.jpg\"><img loading=\"lazy\" decoding=\"async\" class=\"alignnone wp-image-56 size-full\" src=\"https:\/\/plafondlambris.com\/wp-content\/uploads\/2014\/10\/expo-habit-0802g.jpg\" alt=\"expo-habit-0802g\" width=\"400\" height=\"300\" srcset=\"https:\/\/plafondlambris.com\/wp-content\/uploads\/2014\/10\/expo-habit-0802g.jpg 400w, https:\/\/plafondlambris.com\/wp-content\/uploads\/2014\/10\/expo-habit-0802g-300x225.jpg 300w, https:\/\/plafondlambris.com\/wp-content\/uploads\/2014\/10\/expo-habit-0802g-380x285.jpg 380w, https:\/\/plafondlambris.com\/wp-content\/uploads\/2014\/10\/expo-habit-0802g-285x214.jpg 285w\" sizes=\"auto, (max-width: 400px) 100vw, 400px\" \/><\/a><\/div>\n<div class='third'><a href=\"https:\/\/plafondlambris.com\/wp-content\/uploads\/2014\/10\/expo-hab-08g.jpg\"><img loading=\"lazy\" decoding=\"async\" class=\"alignnone wp-image-58 size-full\" src=\"https:\/\/plafondlambris.com\/wp-content\/uploads\/2014\/10\/expo-hab-08g.jpg\" alt=\"expo-hab-08g\" width=\"400\" height=\"300\" srcset=\"https:\/\/plafondlambris.com\/wp-content\/uploads\/2014\/10\/expo-hab-08g.jpg 400w, https:\/\/plafondlambris.com\/wp-content\/uploads\/2014\/10\/expo-hab-08g-300x225.jpg 300w, https:\/\/plafondlambris.com\/wp-content\/uploads\/2014\/10\/expo-hab-08g-380x285.jpg 380w, https:\/\/plafondlambris.com\/wp-content\/uploads\/2014\/10\/expo-hab-08g-285x214.jpg 285w\" sizes=\"auto, (max-width: 400px) 100vw, 400px\" \/><\/a><\/div>\n<div class='third last'><\/div>\n<\/div> <strong><br \/>\n<\/strong><\/p>\n<p>&nbsp;<\/p>\n<p>&nbsp;<\/p>\n","protected":false},"excerpt":{"rendered":"<p>Nous sommes aussi en mesure de\u00a0satisfaire aux exigences commerciales et r\u00e9sidentielles. Mettez-nous au d\u00e9fi ! &nbsp; Salon Expo-Habitat de Qu\u00e9bec Kiosque Plafond, Lambris &amp; Cie &nbsp; &nbsp;<\/p>\n","protected":false},"author":1,"featured_media":0,"parent":0,"menu_order":0,"comment_status":"closed","ping_status":"closed","template":"page-full-width.php","meta":{"footnotes":""},"class_list":["post-54","page","type-page","status-publish","hentry"],"_links":{"self":[{"href":"https:\/\/plafondlambris.com\/index.php?rest_route=\/wp\/v2\/pages\/54","targetHints":{"allow":["GET"]}}],"collection":[{"href":"https:\/\/plafondlambris.com\/index.php?rest_route=\/wp\/v2\/pages"}],"about":[{"href":"https:\/\/plafondlambris.com\/index.php?rest_route=\/wp\/v2\/types\/page"}],"author":[{"embeddable":true,"href":"https:\/\/plafondlambris.com\/index.php?rest_route=\/wp\/v2\/users\/1"}],"replies":[{"embeddable":true,"href":"https:\/\/plafondlambris.com\/index.php?rest_route=%2Fwp%2Fv2%2Fcomments&post=54"}],"version-history":[{"count":33,"href":"https:\/\/plafondlambris.com\/index.php?rest_route=\/wp\/v2\/pages\/54\/revisions"}],"predecessor-version":[{"id":457,"href":"https:\/\/plafondlambris.com\/index.php?rest_route=\/wp\/v2\/pages\/54\/revisions\/457"}],"wp:attachment":[{"href":"https:\/\/plafondlambris.com\/index.php?rest_route=%2Fwp%2Fv2%2Fmedia&parent=54"}],"curies":[{"name":"wp","href":"https:\/\/api.w.org\/{rel}","templated":true}]}}