{"id":91,"date":"2014-10-08T00:12:00","date_gmt":"2014-10-08T00:12:00","guid":{"rendered":"http:\/\/plafondlambris.com\/?page_id=91"},"modified":"2017-02-20T14:22:34","modified_gmt":"2017-02-20T14:22:34","slug":"protocole-de-kyoto","status":"publish","type":"page","link":"https:\/\/plafondlambris.com\/?page_id=91","title":{"rendered":"Protocole de Kyoto"},"content":{"rendered":"<p>Construisez et r\u00e9novez en bois pour lutter contre les changements climatiques et pour contribuer \u00e0 l\u2019\u00e9conomie qu\u00e9b\u00e9coise.<\/p>\n<p>La lutte contre les changements climatiques repr\u00e9sente le plus grand d\u00e9fi du XXIe si\u00e8cle. L&#8217;utilisation accrue du bois fait partie des solutions qui s&#8217;offrent \u00e0 vous pour r\u00e9duire les \u00e9missions de CO2 dans l&#8217;atmosph\u00e8re. Comme mat\u00e9riau de construction, le bois poss\u00e8de des avantages imbattables.<\/p>\n<p>Dans le protocole de Kyoto, il est reconnu que chaque m\u00e8tre cube de bois utilis\u00e9 comme produit rempla\u00e7ant d&#8217;autres mat\u00e9riaux de construction r\u00e9duit les \u00e9missions de CO2 dans l&#8217;atmosph\u00e8re d&#8217;environ une tonne.<\/p>\n<p>Sur un m\u00eame travail de charpente, la fabrication d&#8217;une poutre d&#8217;acier \u00e9met sept fois plus de CO2 qu&#8217;une poutre en bois et une poutre en b\u00e9ton, cinq fois plus!<\/p>\n<p>Les arbres jouent un r\u00f4le important dans la lutte contre le r\u00e9chauffement climatique par le fait qu&#8217;ils ont la capacit\u00e9 de capter du CO2 de l&#8217;atmosph\u00e8re et de l&#8217;emprisonner sous la forme du bois. Lorsque les arbres sont r\u00e9colt\u00e9s et que la mati\u00e8re ligneuse est transform\u00e9e en produits de bois, ces derniers continueront d&#8217;emprisonner le CO2. 1m3 de bois transform\u00e9 enl\u00e8ve plus de 1.1 tonne de Co2 de l\u2019atmosph\u00e8re!<\/p>\n<p>R\u00e9duisez vos co\u00fbts de consommation d&#8217;\u00e9nergie. La structure du bois fournit une isolation thermique exceptionnelle, 10 fois sup\u00e9rieure \u00e0 celle du b\u00e9ton et 400 fois sup\u00e9rieure \u00e0 celle de l&#8217;acier.<\/p>\n<p>Construisez et r\u00e9novez en bois pour lutter contre les changements climatiques et pour contribuer \u00e0 l&#8217;\u00e9conomie Qu\u00e9b\u00e9coise.<\/p>\n<p><em>R\u00e9f\u00e9rences : www.cecobois.com<\/em><\/p>\n","protected":false},"excerpt":{"rendered":"<p>Construisez et r\u00e9novez en bois pour lutter contre les changements climatiques et pour contribuer \u00e0 l\u2019\u00e9conomie qu\u00e9b\u00e9coise. La lutte contre les changements climatiques repr\u00e9sente le plus grand d\u00e9fi du XXIe si\u00e8cle. L&#8217;utilisation accrue du bois fait partie des solutions qui s&#8217;offrent \u00e0 vous pour r\u00e9duire les \u00e9missions de CO2 dans l&#8217;atmosph\u00e8re. Comme mat\u00e9riau de construction, [&hellip;]<\/p>\n","protected":false},"author":1,"featured_media":0,"parent":0,"menu_order":0,"comment_status":"closed","ping_status":"closed","template":"page-full-width.php","meta":{"footnotes":""},"class_list":["post-91","page","type-page","status-publish","hentry"],"_links":{"self":[{"href":"https:\/\/plafondlambris.com\/index.php?rest_route=\/wp\/v2\/pages\/91","targetHints":{"allow":["GET"]}}],"collection":[{"href":"https:\/\/plafondlambris.com\/index.php?rest_route=\/wp\/v2\/pages"}],"about":[{"href":"https:\/\/plafondlambris.com\/index.php?rest_route=\/wp\/v2\/types\/page"}],"author":[{"embeddable":true,"href":"https:\/\/plafondlambris.com\/index.php?rest_route=\/wp\/v2\/users\/1"}],"replies":[{"embeddable":true,"href":"https:\/\/plafondlambris.com\/index.php?rest_route=%2Fwp%2Fv2%2Fcomments&post=91"}],"version-history":[{"count":2,"href":"https:\/\/plafondlambris.com\/index.php?rest_route=\/wp\/v2\/pages\/91\/revisions"}],"predecessor-version":[{"id":198,"href":"https:\/\/plafondlambris.com\/index.php?rest_route=\/wp\/v2\/pages\/91\/revisions\/198"}],"wp:attachment":[{"href":"https:\/\/plafondlambris.com\/index.php?rest_route=%2Fwp%2Fv2%2Fmedia&parent=91"}],"curies":[{"name":"wp","href":"https:\/\/api.w.org\/{rel}","templated":true}]}}