{"id":93,"date":"2014-10-08T00:13:01","date_gmt":"2014-10-08T00:13:01","guid":{"rendered":"http:\/\/plafondlambris.com\/?page_id=93"},"modified":"2017-02-20T19:12:48","modified_gmt":"2017-02-20T19:12:48","slug":"plafond","status":"publish","type":"page","link":"https:\/\/plafondlambris.com\/?page_id=93","title":{"rendered":"Plafonds"},"content":{"rendered":"<p>&nbsp;<\/p>\n<p><a href=\"https:\/\/plafondlambris.com\/wp-content\/uploads\/2014\/10\/tuile-4x4coul-huil\u00e9-noyer-am\u00e9ricaiCDMV_06b.jpg\"><img loading=\"lazy\" decoding=\"async\" class=\"alignright wp-image-229\" src=\"https:\/\/plafondlambris.com\/wp-content\/uploads\/2014\/10\/tuile-4x4coul-huil\u00e9-noyer-am\u00e9ricaiCDMV_06b.jpg\" alt=\"\" width=\"300\" height=\"360\" srcset=\"https:\/\/plafondlambris.com\/wp-content\/uploads\/2014\/10\/tuile-4x4coul-huil\u00e9-noyer-am\u00e9ricaiCDMV_06b.jpg 600w, https:\/\/plafondlambris.com\/wp-content\/uploads\/2014\/10\/tuile-4x4coul-huil\u00e9-noyer-am\u00e9ricaiCDMV_06b-250x300.jpg 250w\" sizes=\"auto, (max-width: 300px) 100vw, 300px\" \/><\/a>Plafond, Lambris &amp; Cie Inc. propose une tr\u00e8s belle collection de tuiles\u00a0 \u00ab Techno System MD \u00bb fabriqu\u00e9es en lambris d\u2019\u00e9rable, de ch\u00eane rouge et de bois mou offrant \u00e9l\u00e9gance et chaleur \u00e0 n\u2019importe quel d\u00e9cor. Les tuiles sont pr\u00e9sent\u00e9es en formats standard de 1 x 4, 2 x 2, 2 x 4 et 4 x 4 pieds qui s\u2019int\u00e8grent parfaitement dans les structures m\u00e9talliques standard pour plafond suspendu.<\/p>\n<p><a href=\"https:\/\/plafondlambris.com\/wp-content\/uploads\/2014\/10\/IMG_0089.jpg\"><img loading=\"lazy\" decoding=\"async\" class=\"alignleft wp-image-134 size-full\" src=\"https:\/\/plafondlambris.com\/wp-content\/uploads\/2014\/10\/IMG_0089.jpg\" alt=\"IMG_0089\" width=\"250\" height=\"188\" \/><\/a>Le produit est disponible : teint &amp; vernis, huil\u00e9 ou simplement naturel. Son \u00e9paisseur d\u2019un demi-pouce nous assure une stabilit\u00e9 dans les environnements plus humides, les tuiles deviennent donc un produit id\u00e9al au sous-sol. Tout en rehaussant votre d\u00e9cor cin\u00e9ma maison, il en accro\u00eetra la qualit\u00e9 sonore et acoustique.<\/p>\n<p>&nbsp;<\/p>\n<p>&nbsp;<\/p>\n<p>&nbsp;<\/p>\n<p>&nbsp;<\/p>\n<p><strong>Nos essences :<\/strong><br \/>\n<strong> \u00c9rable &#8211; Ch\u00eane rouge &#8211; Pin blanc &#8211; Pin rouge- M\u00e9l\u00e8ze- Sapin baumier &#8211; Merisier \u2013 Peuplier \u2013 C\u00e8dre blanc &#8211; C\u00e8dre rouge et autres essences sur demande<\/strong><\/p>\n<p>&nbsp;<\/p>\n<p><a href=\"https:\/\/plafondlambris.com\/wp-content\/uploads\/2014\/10\/patrons_k1.jpg\"><img loading=\"lazy\" decoding=\"async\" class=\"alignleft wp-image-137 size-full\" src=\"https:\/\/plafondlambris.com\/wp-content\/uploads\/2014\/10\/patrons_k1.jpg\" alt=\"patrons_k\" width=\"600\" height=\"240\" srcset=\"https:\/\/plafondlambris.com\/wp-content\/uploads\/2014\/10\/patrons_k1.jpg 600w, https:\/\/plafondlambris.com\/wp-content\/uploads\/2014\/10\/patrons_k1-300x120.jpg 300w, https:\/\/plafondlambris.com\/wp-content\/uploads\/2014\/10\/patrons_k1-570x228.jpg 570w, https:\/\/plafondlambris.com\/wp-content\/uploads\/2014\/10\/patrons_k1-380x152.jpg 380w, https:\/\/plafondlambris.com\/wp-content\/uploads\/2014\/10\/patrons_k1-285x114.jpg 285w\" sizes=\"auto, (max-width: 600px) 100vw, 600px\" \/><\/a><\/p>\n<p>&nbsp;<\/p>\n<p>&nbsp;<\/p>\n<p>&nbsp;<\/p>\n<p>&nbsp;<\/p>\n<p>&nbsp;<\/p>\n<p>&nbsp;<\/p>\n<p>&nbsp;<\/p>\n<p>&nbsp;<\/p>\n<div class='clearfix'>\n<div class='third'><img loading=\"lazy\" decoding=\"async\" class=\"alignnone size-full wp-image-143\" src=\"https:\/\/plafondlambris.com\/wp-content\/uploads\/2014\/10\/IMG_00621.jpg\" alt=\"IMG_0062\" width=\"250\" height=\"188\" \/><\/div>\n<div class='third'><img loading=\"lazy\" decoding=\"async\" class=\"alignnone size-full wp-image-144\" src=\"https:\/\/plafondlambris.com\/wp-content\/uploads\/2014\/10\/IMG_7223.jpg\" alt=\"IMG_7223\" width=\"250\" height=\"188\" \/><\/div>\n<div class='third last'><a href=\"https:\/\/plafondlambris.com\/wp-content\/uploads\/2014\/10\/tuiles-2x2sapin02.png\"><img loading=\"lazy\" decoding=\"async\" class=\"alignnone wp-image-373\" src=\"https:\/\/plafondlambris.com\/wp-content\/uploads\/2014\/10\/tuiles-2x2sapin02.png\" width=\"250\" height=\"167\" srcset=\"https:\/\/plafondlambris.com\/wp-content\/uploads\/2014\/10\/tuiles-2x2sapin02.png 600w, https:\/\/plafondlambris.com\/wp-content\/uploads\/2014\/10\/tuiles-2x2sapin02-300x200.png 300w\" sizes=\"auto, (max-width: 250px) 100vw, 250px\" \/><\/a><\/div>\n<\/div>\n<p>&nbsp;<\/p>\n<p>&nbsp;<\/p>\n<p><a href=\"https:\/\/plafondlambris.com\/?page_id=277\">Fiche Signal\u00e9tique Plafond suspendu<\/a><\/p>\n","protected":false},"excerpt":{"rendered":"<p>&nbsp; Plafond, Lambris &amp; Cie Inc. propose une tr\u00e8s belle collection de tuiles\u00a0 \u00ab Techno System MD \u00bb fabriqu\u00e9es en lambris d\u2019\u00e9rable, de ch\u00eane rouge et de bois mou offrant \u00e9l\u00e9gance et chaleur \u00e0 n\u2019importe quel d\u00e9cor. Les tuiles sont pr\u00e9sent\u00e9es en formats standard de 1 x 4, 2 x 2, 2 x 4 et [&hellip;]<\/p>\n","protected":false},"author":1,"featured_media":0,"parent":0,"menu_order":0,"comment_status":"closed","ping_status":"closed","template":"page-full-width.php","meta":{"footnotes":""},"class_list":["post-93","page","type-page","status-publish","hentry"],"_links":{"self":[{"href":"https:\/\/plafondlambris.com\/index.php?rest_route=\/wp\/v2\/pages\/93","targetHints":{"allow":["GET"]}}],"collection":[{"href":"https:\/\/plafondlambris.com\/index.php?rest_route=\/wp\/v2\/pages"}],"about":[{"href":"https:\/\/plafondlambris.com\/index.php?rest_route=\/wp\/v2\/types\/page"}],"author":[{"embeddable":true,"href":"https:\/\/plafondlambris.com\/index.php?rest_route=\/wp\/v2\/users\/1"}],"replies":[{"embeddable":true,"href":"https:\/\/plafondlambris.com\/index.php?rest_route=%2Fwp%2Fv2%2Fcomments&post=93"}],"version-history":[{"count":21,"href":"https:\/\/plafondlambris.com\/index.php?rest_route=\/wp\/v2\/pages\/93\/revisions"}],"predecessor-version":[{"id":374,"href":"https:\/\/plafondlambris.com\/index.php?rest_route=\/wp\/v2\/pages\/93\/revisions\/374"}],"wp:attachment":[{"href":"https:\/\/plafondlambris.com\/index.php?rest_route=%2Fwp%2Fv2%2Fmedia&parent=93"}],"curies":[{"name":"wp","href":"https:\/\/api.w.org\/{rel}","templated":true}]}}