{"id":95,"date":"2014-10-08T00:14:06","date_gmt":"2014-10-08T00:14:06","guid":{"rendered":"http:\/\/plafondlambris.com\/?page_id=95"},"modified":"2018-02-28T13:27:52","modified_gmt":"2018-02-28T13:27:52","slug":"moulures","status":"publish","type":"page","link":"https:\/\/plafondlambris.com\/?page_id=95","title":{"rendered":"Moulures"},"content":{"rendered":"<p><strong>Nos essences :<\/strong><br \/>\n\u00c9rable &#8211; Ch\u00eane rouge &#8211; Pin blanc noyeux &#8211; Pin blanc select &#8211; Peuplier \u2013 C\u00e8dre blanc &#8211; C\u00e8dre rouge et autres essences sur demande<\/p>\n<p>Prix sujet a changement sans pr\u00e9avis.<\/p>\n<p><strong>Cliquez sur les liens afin de visualiser nos diff\u00e9rentes moulures :<\/strong><br \/>\n<a href=\"https:\/\/plafondlambris.com\/wp-content\/uploads\/2014\/10\/plinthes_cadrages.jpg\" target=\"_blank\" rel=\"noopener\">Plinthes et cadrages<\/a>\u00a0&#8211;\u00a0 <a href=\"https:\/\/plafondlambris.com\/wp-content\/uploads\/2014\/10\/cimaises.jpg\" target=\"_blank\" rel=\"noopener\">Cimaises<\/a>\u00a0&#8211;\u00a0 <a href=\"https:\/\/plafondlambris.com\/wp-content\/uploads\/2014\/10\/frontons.jpg\" target=\"_blank\" rel=\"noopener\">Frontons<\/a>\u00a0&#8211;\u00a0 <a href=\"https:\/\/plafondlambris.com\/wp-content\/uploads\/2014\/10\/socles.jpg\" target=\"_blank\" rel=\"noopener\">Socles<\/a>\u00a0&#8211;\u00a0 <a href=\"https:\/\/plafondlambris.com\/wp-content\/uploads\/2014\/10\/gorges.jpg\" target=\"_blank\" rel=\"noopener\">Gorges<\/a><\/p>\n<p>Moulures<br \/>\n<a href=\"https:\/\/plafondlambris.com\/wp-content\/uploads\/2015\/02\/cadrage-ex.jpg\"><img loading=\"lazy\" decoding=\"async\" class=\"alignleft wp-image-238\" src=\"https:\/\/plafondlambris.com\/wp-content\/uploads\/2015\/02\/cadrage-ex.jpg\" alt=\"cadrage ex\" width=\"500\" height=\"375\" srcset=\"https:\/\/plafondlambris.com\/wp-content\/uploads\/2015\/02\/cadrage-ex.jpg 1600w, https:\/\/plafondlambris.com\/wp-content\/uploads\/2015\/02\/cadrage-ex-300x225.jpg 300w, https:\/\/plafondlambris.com\/wp-content\/uploads\/2015\/02\/cadrage-ex-1024x768.jpg 1024w, https:\/\/plafondlambris.com\/wp-content\/uploads\/2015\/02\/cadrage-ex-1140x855.jpg 1140w, https:\/\/plafondlambris.com\/wp-content\/uploads\/2015\/02\/cadrage-ex-570x428.jpg 570w, https:\/\/plafondlambris.com\/wp-content\/uploads\/2015\/02\/cadrage-ex-380x285.jpg 380w, https:\/\/plafondlambris.com\/wp-content\/uploads\/2015\/02\/cadrage-ex-285x214.jpg 285w\" sizes=\"auto, (max-width: 500px) 100vw, 500px\" \/><\/a><\/p>\n","protected":false},"excerpt":{"rendered":"<p>Nos essences : \u00c9rable &#8211; Ch\u00eane rouge &#8211; Pin blanc noyeux &#8211; Pin blanc select &#8211; Peuplier \u2013 C\u00e8dre blanc &#8211; C\u00e8dre rouge et autres essences sur demande Prix sujet a changement sans pr\u00e9avis. Cliquez sur les liens afin de visualiser nos diff\u00e9rentes moulures : Plinthes et cadrages\u00a0&#8211;\u00a0 Cimaises\u00a0&#8211;\u00a0 Frontons\u00a0&#8211;\u00a0 Socles\u00a0&#8211;\u00a0 Gorges Moulures<\/p>\n","protected":false},"author":1,"featured_media":0,"parent":0,"menu_order":0,"comment_status":"closed","ping_status":"closed","template":"page-full-width.php","meta":{"footnotes":""},"class_list":["post-95","page","type-page","status-publish","hentry"],"_links":{"self":[{"href":"https:\/\/plafondlambris.com\/index.php?rest_route=\/wp\/v2\/pages\/95","targetHints":{"allow":["GET"]}}],"collection":[{"href":"https:\/\/plafondlambris.com\/index.php?rest_route=\/wp\/v2\/pages"}],"about":[{"href":"https:\/\/plafondlambris.com\/index.php?rest_route=\/wp\/v2\/types\/page"}],"author":[{"embeddable":true,"href":"https:\/\/plafondlambris.com\/index.php?rest_route=\/wp\/v2\/users\/1"}],"replies":[{"embeddable":true,"href":"https:\/\/plafondlambris.com\/index.php?rest_route=%2Fwp%2Fv2%2Fcomments&post=95"}],"version-history":[{"count":9,"href":"https:\/\/plafondlambris.com\/index.php?rest_route=\/wp\/v2\/pages\/95\/revisions"}],"predecessor-version":[{"id":455,"href":"https:\/\/plafondlambris.com\/index.php?rest_route=\/wp\/v2\/pages\/95\/revisions\/455"}],"wp:attachment":[{"href":"https:\/\/plafondlambris.com\/index.php?rest_route=%2Fwp%2Fv2%2Fmedia&parent=95"}],"curies":[{"name":"wp","href":"https:\/\/api.w.org\/{rel}","templated":true}]}}