{"id":97,"date":"2014-10-08T00:15:01","date_gmt":"2014-10-08T00:15:01","guid":{"rendered":"http:\/\/plafondlambris.com\/?page_id=97"},"modified":"2018-02-28T13:26:16","modified_gmt":"2018-02-28T13:26:16","slug":"lambris","status":"publish","type":"page","link":"https:\/\/plafondlambris.com\/?page_id=97","title":{"rendered":"Lambris"},"content":{"rendered":"<p>&nbsp;<\/p>\n<p><strong><a href=\"https:\/\/plafondlambris.com\/wp-content\/uploads\/2014\/10\/cache-a-maxime-Scott.jpg\"><img loading=\"lazy\" decoding=\"async\" class=\"alignleft wp-image-216 size-full\" src=\"https:\/\/plafondlambris.com\/wp-content\/uploads\/2014\/10\/cache-a-maxime-Scott.jpg\" alt=\"cache a maxime-Scott\" width=\"540\" height=\"368\" srcset=\"https:\/\/plafondlambris.com\/wp-content\/uploads\/2014\/10\/cache-a-maxime-Scott.jpg 540w, https:\/\/plafondlambris.com\/wp-content\/uploads\/2014\/10\/cache-a-maxime-Scott-300x204.jpg 300w\" sizes=\"auto, (max-width: 540px) 100vw, 540px\" \/><\/a>Nos essences :<\/strong><br \/>\n\u00c9rable &#8211; Ch\u00eane rouge &#8211; Pin blanc &#8211; Pin rouge- M\u00e9l\u00e8ze- Sapin baumier &#8211; Merisier \u2013 Peuplier \u2013 C\u00e8dre blanc &#8211; C\u00e8dre rouge et autres essences sur demande<\/p>\n<p><strong>Rev\u00eatements int\u00e9rieurs<\/strong><br \/>\nlambris, plancher, poutre, platelage, roof decking<\/p>\n<p>&nbsp;<\/p>\n<p>&nbsp;<\/p>\n<p>&nbsp;<\/p>\n<p>&nbsp;<\/p>\n<p>&nbsp;<\/p>\n<p>&nbsp;<\/p>\n<div class='clearfix'>\n<div class='fourth'>\n<p><strong>Dimensions :<\/strong><br \/>\nPlanches murale ou plancher<\/p>\n<p>3\/8 x 4\u2019\u2019<\/p>\n<p>1\/2 x 4\u2019\u2019<\/p>\n<p>1\/2 x 6\u2019\u2019<\/p>\n<p>5\/8 x 4\u2019\u2019<\/p>\n<p>5\/8 x 6\u2019\u2019<\/p>\n<p>3\/4 x 4\u2019\u2019<\/p>\n<p>3\/4 x 6\u2019\u2019<\/p>\n<p>3\/4 x 8\u2019\u2019<\/p>\n<\/div>\n<div class='fourth'>\n<p><strong>Essences :<\/strong><br \/>\nBois mou<\/p>\n<p>Bc fir (sapin douglas)<\/p>\n<p>C\u00e8dre blanc<\/p>\n<p>C\u00e8dre rouge<\/p>\n<p>\u00c9pinette noir<\/p>\n<p>M\u00e9l\u00e8ze<\/p>\n<p>Pin blanc<\/p>\n<p>Pin rouge<\/p>\n<p>Pin gris<\/p>\n<p>Pin jaune du sud<\/p>\n<p>Sapin baumier<\/p>\n<p>Autres sur demande<\/p>\n<p>Bois franc<\/p>\n<p>Cerisier<\/p>\n<p>Ch\u00eane rouge<\/p>\n<p>\u00c9rable<\/p>\n<p>Merisier<\/p>\n<p>Fr\u00eane<\/p>\n<p>Noyer noir<\/p>\n<p>Autres sur demande<\/p>\n<\/div>\n<div class='fourth'>\n<p><strong>Grades :<\/strong><br \/>\nS\u00e9lect Prime (clair de n\u0153uds)<\/p>\n<p>S\u00e9lect (1 a 2 n\u0153uds par planche)<\/p>\n<p>1&amp;2 (noueux)<\/p>\n<p>3&amp;Meilleurs (noueux)<\/p>\n<p>Vernis %Lustre:<\/p>\n<p>Mat 10%<\/p>\n<p>Semi lustr\u00e9 35%<\/p>\n<p>Lustr\u00e9 75%<\/p>\n<p>&nbsp;<\/p>\n<\/div>\n<div class='fourth last'>\n<p><strong>Longueurs :<\/strong><br \/>\n32\u2019\u2019<\/p>\n<p>48\u2019\u2019 (4\u2019)<\/p>\n<p>8\u2019<\/p>\n<p>8\u2019 a 12\u2019<\/p>\n<p>6\u2019 a 16\u2019<\/p>\n<\/div>\n<\/div>\n<p>&nbsp;<\/p>\n<p><strong>Ch\u00eane rouge<\/strong><br \/>\nLe ch\u00eane rouge est essence de bois la plus couramment utilis\u00e9e dans la r\u00e9alisation de planchers de bois en Am\u00e9rique du Nord, et certainement la plus appr\u00e9ci\u00e9e aupr\u00e8s de notre client\u00e8le. Cette essence de bois pr\u00e9sente des couleurs variant du beige p\u00e2le au brun fonc\u00e9 avec des nuances rouge\u00e2tres, avec un changement de couleur mod\u00e9r\u00e9. Le ch\u00eane rouge est \u00e9galement caract\u00e9ris\u00e9 par une r\u00e9sistance \u00e9lev\u00e9e aux chocs, affichant une duret\u00e9 de 1290<br \/>\nau test de Janka<\/p>\n<p><strong>Merisier<\/strong><br \/>\nLe merisier s&#8217;agence \u00e0 presque tous les d\u00e9cors, avec ses teintes et couleurs polyvalentes. Cette essence de bois pr\u00e9sente une cosloration allant du beige p\u00e2le au brun rouge\u00e2tre. Un grain ferm\u00e9 et droit se combine aux motifs ondul\u00e9s du merisier. Cette essence de bois affiche une duret\u00e9 de 1260 au test de Janka.<\/p>\n<p><strong>\u00c9rable<\/strong><br \/>\nL&#8217;\u00e9rable est reconnu pour sa grande r\u00e9sistance \u00e0 l&#8217;impact, \u00e9tant la plus dure des essences de bois domestiques avec un score de 1540 au test de Janka. Le grain aux motifs subtils de ce bois s&#8217;agence parfaitement \u00e0 sa coloration, qui passe du blanc cr\u00e9meux au brun rouge\u00e2tre. Le changement de couleur mod\u00e9r\u00e9 de l&#8217;\u00e9rable lui conf\u00e8re une l\u00e9g\u00e8re teinte dor\u00e9e avec le temps.<\/p>\n<p><strong>Fr\u00eane<\/strong><br \/>\nLe fr\u00eane poss\u00e8de un grain ouvert similaire \u00e0 celui du ch\u00eane, avec toutefois des teintes moins prononc\u00e9es allant du beige au brun fonc\u00e9. Id\u00e9ale pour un d\u00e9cor classique, cette essence de bois est caract\u00e9ris\u00e9e par un aspect g\u00e9n\u00e9ralement clair, avec peu de variations. Le fr\u00eane affiche une duret\u00e9 de 1320 au test de Janka.<\/p>\n<p><strong>\u00c9rable argent\u00e9<\/strong><br \/>\nL&#8217;\u00e9rable argent\u00e9 est caract\u00e9ris\u00e9 par des variations de couleurs<br \/>\nuniques lui conf\u00e9rant un cachet champ\u00eatre. En effet, sa coloration affiche un \u00e9l\u00e9gant m\u00e9lange de beige p\u00e2le et de divers tons de gris argent\u00e9s, avec parfois m\u00eame des reflets verd\u00e2tres. Cette essence de bois affiche une duret\u00e9 de 950 au test de Janka.<\/p>\n<p><strong>Cerisier<\/strong><br \/>\nLe cerisier est une essence de bois tr\u00e8s pris\u00e9 pour son grain unique pr\u00e9sentant un changement de couleur prononc\u00e9. Sa couleur contrast\u00e9e, variant du brun p\u00e2le au brun rouge\u00e2tre, a fortement tendance \u00e0 foncer et \u00e0 prendre des teintes d&#8217;acajou avec le temps. Ce bois affiche une duret\u00e9 de 950 au test de Janka.<\/p>\n<p><strong>Noyer<\/strong><br \/>\nLe noyer pr\u00e9sente une coloration allant du beige fonc\u00e9 au brun, en passant par le pourpre fonc\u00e9. Il affiche des variations de couleurs prononc\u00e9es, surtout dans le grade Antique. Cette essence de bois est id\u00e9ale pour les bordures de toutes formes. Ce bois affiche une duret\u00e9 de 1010 au test de Janka.<\/p>\n<p>&nbsp;<\/p>\n<p><strong>Couleurs disponibles ou d\u00e9veloppement personnalis\u00e9.<\/strong><br \/>\nT\u00e9l\u00e9chargez notre fiche signalitique <a href=\"https:\/\/plafondlambris.com\/wp-content\/uploads\/2014\/10\/Plambris_fiche_tuiles.pdf\" target=\"_blank\" rel=\"noopener\">(format pdf)<\/a><\/p>\n<p><strong>Quels outils n\u00e9cessaires pour poser du lambris bois?<\/strong><br \/>\nLe lambris s&#8217;adapte \u00e0 de nombreuses pi\u00e8ces de la maison. Le laisser dans la pi\u00e8ce 3 jours avant son installation. Pour la pose de lambris, munissez-vous d&#8217;une perceuse, d&#8217;un niveau \u00e0 bulle, d&#8217;un m\u00e8tre, d&#8217;une r\u00e8gle, d&#8217;un crayon, d&#8217;un cordeau \u00e0 tracer, d&#8217;un rabot, d&#8217;une lime, d&#8217;une scie \u00e0 denture fine ou d&#8217;une scie circulaire, d&#8217;un pistolet \u00e0 colle, d&#8217;une perceuse, d&#8217;un marteau, de tasseaux (fourrure 1&#215;3 sec rabot\u00e9), cloueuse 18 ou 23 gauge, d&#8217;un chasse-clou et de votre lambris.<\/p>\n<p><strong>Pr\u00e9parer la pose du lambris<\/strong><br \/>\nL&#8217;application d&#8217;un lambris n\u00e9cessite la pose pr\u00e9alable de tasseaux 1&#215;3 sec et rabot\u00e9. Ils servent de support \u00e0 la fixation des lames. Pour un lambris \u00e0 la verticale, vous devez installer les tasseaux \u00e0 l&#8217;horizontale. Marquez des rep\u00e8res pour les tasseaux sur l&#8217;ensemble de la surface de pose, \u00e0 l&#8217;aide d&#8217;un cordeau \u00e0 tracer. Commencez par le bas du mur et placez les rep\u00e8res en remontant, tous les 16\u2019\u2019 pouces environ. Assurez-vous de l&#8217;horizontalit\u00e9 du marquage avec un niveau \u00e0 bulle. Pensez \u00e0 laisser de l&#8217;espace au niveau du sol pour les plinthes. Pr\u00e9voyez \u00e9galement des espaces entre les tasseaux dans le sens horizontal, pour permettre une bonne circulation de l&#8217;air.<\/p>\n<p>Fixez les tasseaux en suivant les rep\u00e8res. Percez et clouez, si la nature du mur le permet. Sinon, vous pouvez utiliser de la colle mastic. V\u00e9rifiez la verticalit\u00e9 des diff\u00e9rents tasseaux, avec un niveau \u00e0 bulle ou un fil \u00e0 plomb.<\/p>\n<p><strong>La pose du lambris<\/strong><br \/>\nCommencez la pose par un coin du mur. La premi\u00e8re lame de lambris doit retenir toute votre attention. Elle va d\u00e9terminer l&#8217;assemblage de toutes les autres et donc le r\u00e9sultat final. S\u2019il y a lieu, enlevez la languette de cette premi\u00e8re ou la derni\u00e8ere lame, afin qu&#8217;elle puisse se plaquer contre le mur. Rabotez ou limez le lambris (lame) au besoin, si l&#8217;angle du mur ne s&#8217;av\u00e8re pas bien droit. Placez la lame dans le coin sup\u00e9rieur, bien verticalement. V\u00e9rifiez au niveau \u00e0 bulle ou au fil \u00e0 plomb. Fixer la 1ere lame, avec une cloueuse 18 ou 23 gauge (et\/ou avec colle en dessous) dans le m\u00e2le en angle 45 degr\u00e9s afin de pouvoir mettre la 2e lame. Vous pouvez mettre les bouts des planches de lambris \u00e0 bout perdu. Aussi mettre un angle de 22 ou 45 degr\u00e9 au bout pour une plus belle finition.<\/p>\n<p>Posez les lames suivantes au fur et \u00e0 mesure. V\u00e9rifier votre niveau au fur et a mesure de la pose. Elles s&#8217;embo\u00eetent les unes dans les autres gr\u00e2ce aux rainures (femelle) et languettes (m\u00e2le). Gardez de la place pour la plinthe s\u2019il y a lieu, en coupant la lame du bas avant de la fixer. Utilisez pour cela une scie \u00e0 denture fine ou une scie circulaire. Gardez la chute pour la ligne de lambris suivante, en recommen\u00e7ant par le haut du mur.<\/p>\n<ul>\n<li>N&#8217;oubliez pas de laisser une dilatation p\u00e9riph\u00e9rique surtout sur le sens de la largeur de la planche (comme un plancher).<\/li>\n<\/ul>\n<p>Pour plus d&#8217;informations t\u00e9l\u00e9chargez notre fiche d&#8217;installation <a href=\"https:\/\/plafondlambris.com\/wp-content\/uploads\/2014\/10\/Pose_lambris_bois.pdf\" target=\"_blank\" rel=\"noopener\">(format pdf)<\/a><\/p>\n<p>Prix sujet a changement sans pr\u00e9avis.<\/p>\n<p>&nbsp;<\/p>\n","protected":false},"excerpt":{"rendered":"<p>&nbsp; Nos essences : \u00c9rable &#8211; Ch\u00eane rouge &#8211; Pin blanc &#8211; Pin rouge- M\u00e9l\u00e8ze- Sapin baumier &#8211; Merisier \u2013 Peuplier \u2013 C\u00e8dre blanc &#8211; C\u00e8dre rouge et autres essences sur demande Rev\u00eatements int\u00e9rieurs lambris, plancher, poutre, platelage, roof decking &nbsp; &nbsp; &nbsp; &nbsp; &nbsp; &nbsp; &nbsp; Ch\u00eane rouge Le ch\u00eane rouge est essence de [&hellip;]<\/p>\n","protected":false},"author":1,"featured_media":0,"parent":0,"menu_order":0,"comment_status":"closed","ping_status":"closed","template":"page-full-width.php","meta":{"footnotes":""},"class_list":["post-97","page","type-page","status-publish","hentry"],"_links":{"self":[{"href":"https:\/\/plafondlambris.com\/index.php?rest_route=\/wp\/v2\/pages\/97","targetHints":{"allow":["GET"]}}],"collection":[{"href":"https:\/\/plafondlambris.com\/index.php?rest_route=\/wp\/v2\/pages"}],"about":[{"href":"https:\/\/plafondlambris.com\/index.php?rest_route=\/wp\/v2\/types\/page"}],"author":[{"embeddable":true,"href":"https:\/\/plafondlambris.com\/index.php?rest_route=\/wp\/v2\/users\/1"}],"replies":[{"embeddable":true,"href":"https:\/\/plafondlambris.com\/index.php?rest_route=%2Fwp%2Fv2%2Fcomments&post=97"}],"version-history":[{"count":7,"href":"https:\/\/plafondlambris.com\/index.php?rest_route=\/wp\/v2\/pages\/97\/revisions"}],"predecessor-version":[{"id":451,"href":"https:\/\/plafondlambris.com\/index.php?rest_route=\/wp\/v2\/pages\/97\/revisions\/451"}],"wp:attachment":[{"href":"https:\/\/plafondlambris.com\/index.php?rest_route=%2Fwp%2Fv2%2Fmedia&parent=97"}],"curies":[{"name":"wp","href":"https:\/\/api.w.org\/{rel}","templated":true}]}}