{"id":99,"date":"2014-10-08T00:16:00","date_gmt":"2014-10-08T00:16:00","guid":{"rendered":"http:\/\/plafondlambris.com\/?page_id=99"},"modified":"2018-04-27T14:10:00","modified_gmt":"2018-04-27T14:10:00","slug":"revetements-exterieurs","status":"publish","type":"page","link":"https:\/\/plafondlambris.com\/?page_id=99","title":{"rendered":"Rev\u00eatements ext\u00e9rieurs \/ rev\u00eatements ext\u00e9rieurs sans entretien"},"content":{"rendered":"<h3>Rev\u00eatements ext\u00e9rieurs<\/h3>\n<p><strong>Nos essences :<\/strong><br \/>\n<strong> C\u00e8dre blanc &#8211; \u00c9pinette noir &#8211; M\u00e9l\u00e8ze &#8211; Pin blanc &#8211; C\u00e8dre rouge \u00a0&#8211; bois torr\u00e9fi\u00e9<\/strong><\/p>\n<p>Rev\u00eatements ext\u00e9rieurs sur mesure, pour maison neuve ou ancestrale, r\u00e9sidentiel et commercial<br \/>\n<a href=\"https:\/\/plafondlambris.com\/wp-content\/uploads\/2018\/04\/1Guide_Installation_Parement_Bois_2018.pdf\" target=\"_blank\" rel=\"noopener\">T\u00e9l\u00e9chargez ici<\/a> le\u00a0nouveau guide d\u2019installation \u00e0 imprimer.<\/p>\n<p>&nbsp;<\/p>\n<h3>Vid\u00e9o conseil sur l\u2019installation des rev\u00eatements ext\u00e9rieurs<\/h3>\n<p class=\"title style-scope ytd-video-primary-info-renderer\">Installation du rev\u00eatement ext\u00e9rieur en bois | Les \u00e9tapes d&#8217;installation&#8230;.<a href=\"https:\/\/youtu.be\/4voKQeNbrhk\" target=\"_blank\" rel=\"noopener\">Cliquez ici &#8211; YouTube<\/a><\/p>\n<p class=\"title style-scope ytd-video-primary-info-renderer\">Installation du rev\u00eatement ext\u00e9rieur en bois | R\u00e9ception et entreposage du mat\u00e9riel&#8230;<a href=\"https:\/\/youtu.be\/_0zLFAc8VEA\" target=\"_blank\" rel=\"noopener\">Cliquez ici &#8211; YouTube<\/a><\/p>\n<p class=\"title style-scope ytd-video-primary-info-renderer\">Installation du rev\u00eatement ext\u00e9rieur en bois | Les coupes et retouches&#8230;<a href=\"https:\/\/youtu.be\/hszKGRVUXNg\" target=\"_blank\" rel=\"noopener\">Cliquez ici &#8211; YouTube<\/a><\/p>\n<p class=\"title style-scope ytd-video-primary-info-renderer\">Installation du rev\u00eatement ext\u00e9rieur en bois | La fixation du rev\u00eatement&#8230;<a href=\"https:\/\/youtu.be\/RRapZ7gN8Q4\" target=\"_blank\" rel=\"noopener\">Cliquez ici &#8211; YouTube<\/a><\/p>\n<p>&nbsp;<\/p>\n<p>&nbsp;<\/p>\n<div class='clearfix'>\n<div class='half'><a href=\"https:\/\/plafondlambris.com\/wp-content\/uploads\/2014\/10\/cedre_rouge-B.jpg\"><img loading=\"lazy\" decoding=\"async\" class=\"alignnone size-full wp-image-207\" src=\"https:\/\/plafondlambris.com\/wp-content\/uploads\/2014\/10\/cedre_rouge-B.jpg\" alt=\"cedre_rouge-B\" width=\"500\" height=\"375\" srcset=\"https:\/\/plafondlambris.com\/wp-content\/uploads\/2014\/10\/cedre_rouge-B.jpg 500w, https:\/\/plafondlambris.com\/wp-content\/uploads\/2014\/10\/cedre_rouge-B-300x225.jpg 300w, https:\/\/plafondlambris.com\/wp-content\/uploads\/2014\/10\/cedre_rouge-B-380x285.jpg 380w, https:\/\/plafondlambris.com\/wp-content\/uploads\/2014\/10\/cedre_rouge-B-285x214.jpg 285w\" sizes=\"auto, (max-width: 500px) 100vw, 500px\" \/><\/a><br \/>\nC\u00e8dre rouge &#8211; 1 x 6&#8243; V-joint<\/div>\n<div class='half last'><a href=\"https:\/\/plafondlambris.com\/wp-content\/uploads\/2018\/04\/1x6vj_fini_brut.jpg\"><img loading=\"lazy\" decoding=\"async\" class=\"alignnone wp-image-485 size-full\" src=\"https:\/\/plafondlambris.com\/wp-content\/uploads\/2018\/04\/1x6vj_fini_brut.jpg\" alt=\"\" width=\"500\" height=\"375\" srcset=\"https:\/\/plafondlambris.com\/wp-content\/uploads\/2018\/04\/1x6vj_fini_brut.jpg 500w, https:\/\/plafondlambris.com\/wp-content\/uploads\/2018\/04\/1x6vj_fini_brut-300x225.jpg 300w\" sizes=\"auto, (max-width: 500px) 100vw, 500px\" \/><\/a><br \/>\n1&#215;6 \u00e9pinette noir<\/div>\n<\/div>\n<p>&nbsp;<\/p>\n<h3>\u00a0Rev\u00eatements ext\u00e9rieurs sans entretien &#8211; Gamme &#8220;RESE&#8221;<\/h3>\n<div class='clearfix'>\n<div class='half'><a href=\"https:\/\/plafondlambris.com\/wp-content\/uploads\/2014\/10\/Vancouver-houseB.jpg\"><img loading=\"lazy\" decoding=\"async\" class=\"alignnone size-full wp-image-213\" src=\"https:\/\/plafondlambris.com\/wp-content\/uploads\/2014\/10\/Vancouver-houseB.jpg\" alt=\"Vancouver houseB\" width=\"500\" height=\"333\" srcset=\"https:\/\/plafondlambris.com\/wp-content\/uploads\/2014\/10\/Vancouver-houseB.jpg 500w, https:\/\/plafondlambris.com\/wp-content\/uploads\/2014\/10\/Vancouver-houseB-300x199.jpg 300w, https:\/\/plafondlambris.com\/wp-content\/uploads\/2014\/10\/Vancouver-houseB-380x254.jpg 380w, https:\/\/plafondlambris.com\/wp-content\/uploads\/2014\/10\/Vancouver-houseB-285x190.jpg 285w\" sizes=\"auto, (max-width: 500px) 100vw, 500px\" \/><\/a><br \/>\nC\u00e8dre rouge 1 x 6&#8243; V-joint<\/div>\n<div class='half last'>\n<p><a href=\"https:\/\/plafondlambris.com\/wp-content\/uploads\/2014\/10\/P1010009B.jpg\"><img loading=\"lazy\" decoding=\"async\" class=\"alignnone size-full wp-image-204\" src=\"https:\/\/plafondlambris.com\/wp-content\/uploads\/2014\/10\/P1010009B.jpg\" alt=\"P1010009B\" width=\"500\" height=\"281\" srcset=\"https:\/\/plafondlambris.com\/wp-content\/uploads\/2014\/10\/P1010009B.jpg 500w, https:\/\/plafondlambris.com\/wp-content\/uploads\/2014\/10\/P1010009B-300x168.jpg 300w\" sizes=\"auto, (max-width: 500px) 100vw, 500px\" \/><\/a><\/p>\n<p>C\u00e8dre blanc 1 x 6&#8243; V-joint<\/p>\n<\/div>\n<\/div>\n<p>&nbsp;<\/p>\n<p>&nbsp;<\/p>\n<p>&nbsp;<\/p>\n<p><a href=\"https:\/\/plafondlambris.com\/wp-content\/uploads\/2014\/10\/patron_torefies.jpg\"><br \/>\n<\/a><\/p>\n","protected":false},"excerpt":{"rendered":"<p>Rev\u00eatements ext\u00e9rieurs Nos essences : C\u00e8dre blanc &#8211; \u00c9pinette noir &#8211; M\u00e9l\u00e8ze &#8211; Pin blanc &#8211; C\u00e8dre rouge \u00a0&#8211; bois torr\u00e9fi\u00e9 Rev\u00eatements ext\u00e9rieurs sur mesure, pour maison neuve ou ancestrale, r\u00e9sidentiel et commercial T\u00e9l\u00e9chargez ici le\u00a0nouveau guide d\u2019installation \u00e0 imprimer. &nbsp; Vid\u00e9o conseil sur l\u2019installation des rev\u00eatements ext\u00e9rieurs Installation du rev\u00eatement ext\u00e9rieur en bois | [&hellip;]<\/p>\n","protected":false},"author":1,"featured_media":0,"parent":0,"menu_order":0,"comment_status":"closed","ping_status":"closed","template":"page-full-width.php","meta":{"footnotes":""},"class_list":["post-99","page","type-page","status-publish","hentry"],"_links":{"self":[{"href":"https:\/\/plafondlambris.com\/index.php?rest_route=\/wp\/v2\/pages\/99","targetHints":{"allow":["GET"]}}],"collection":[{"href":"https:\/\/plafondlambris.com\/index.php?rest_route=\/wp\/v2\/pages"}],"about":[{"href":"https:\/\/plafondlambris.com\/index.php?rest_route=\/wp\/v2\/types\/page"}],"author":[{"embeddable":true,"href":"https:\/\/plafondlambris.com\/index.php?rest_route=\/wp\/v2\/users\/1"}],"replies":[{"embeddable":true,"href":"https:\/\/plafondlambris.com\/index.php?rest_route=%2Fwp%2Fv2%2Fcomments&post=99"}],"version-history":[{"count":35,"href":"https:\/\/plafondlambris.com\/index.php?rest_route=\/wp\/v2\/pages\/99\/revisions"}],"predecessor-version":[{"id":488,"href":"https:\/\/plafondlambris.com\/index.php?rest_route=\/wp\/v2\/pages\/99\/revisions\/488"}],"wp:attachment":[{"href":"https:\/\/plafondlambris.com\/index.php?rest_route=%2Fwp%2Fv2%2Fmedia&parent=99"}],"curies":[{"name":"wp","href":"https:\/\/api.w.org\/{rel}","templated":true}]}}